{"id":1281,"date":"2024-12-12T13:02:25","date_gmt":"2024-12-12T13:02:25","guid":{"rendered":"https:\/\/fysica.ee\/verkaufsbedingungen\/"},"modified":"2024-12-12T13:17:12","modified_gmt":"2024-12-12T13:17:12","slug":"verkaufsbedingungen","status":"publish","type":"page","link":"https:\/\/fysica.ee\/de\/verkaufsbedingungen\/","title":{"rendered":"Verkaufsbedingungen"},"content":{"rendered":"<p>Der Eigent\u00fcmer des Online-Shops https:\/\/fysica.ee (im Folgenden \u201eOnline-Shop\u201c) ist Fysica O\u00dc (Registrierungscode 16717941) mit Sitz in Kivi tn 4a-13, Gemeinde Vasalemma, Gemeinde L\u00e4\u00e4ne-Harju, Kreis Harju, 76101.<\/p>\n<p>G\u00fcltigkeit des Kaufvertrages, Produkt- und Preisinformationen<\/p>\n<p>F\u00fcr den Kauf von Waren im Online-Shop gelten die Verkaufsbedingungen.<\/p>\n<p>Informationen zum Produkt finden Sie im Webshop direkt neben dem Produkt.<\/p>\n<p>Die Preise der im Online-Shop verkauften Produkte sind neben den Produkten angegeben. Im Preis ist eine Geb\u00fchr f\u00fcr die Lieferung der Ware enthalten.<\/p>\n<p>Die Geb\u00fchr f\u00fcr die Lieferung der Ware h\u00e4ngt vom Standort des K\u00e4ufers und der Versandart ab. Die Versandkosten werden dem K\u00e4ufer bei Abschluss der Bestellung angezeigt.<\/p>\n<p>Versandkosten in Estland:<\/p>\n<p>DHL-Kurier \u2013 19,90<\/p>\n<p>Der Versand der Ware erfolgt per DHL-Kurier.<\/p>\n<p><strong>Den Auftrag bilden<\/strong><\/p>\n<p>Um die Ware zu bestellen, m\u00fcssen Sie die gew\u00fcnschten Produkte in den Warenkorb legen. Um die Bestellung abzuschlie\u00dfen, m\u00fcssen Sie die erforderlichen Datenfelder ausf\u00fcllen und die entsprechende Art der Produktlieferung ausw\u00e4hlen. Auf dem Bildschirm wird dann die H\u00f6he der Geb\u00fchr angezeigt, die sicher \u00fcber die folgenden Zahlungsmethoden bezahlt werden kann:<\/p>\n<p>per Bank\u00fcberweisung<br \/>\nPer Kartenzahlung.<\/p>\n<p>Die Preise der im Online-Shop verkauften Waren sind in Euro angegeben. Wir akzeptieren auch Zahlungen in Euro (\u20ac).<\/p>\n<p>Der Vertrag kommt mit dem Eingang des zu zahlenden Betrages auf dem Girokonto des Online-Shops zustande.<\/p>\n<p>Sollte die Lieferung der bestellten Ware aufgrund von Warenende oder aus einem anderen Grund nicht m\u00f6glich sein, wird der K\u00e4ufer hier\u00fcber schnellstm\u00f6glich informiert und der gezahlte Betrag (einschlie\u00dflich der Kosten f\u00fcr die Lieferung der Ware) wird unverz\u00fcglich zur\u00fcckerstattet. sp\u00e4testens jedoch innerhalb von 14 Tagen nach Absendung der Mitteilung.<\/p>\n<p><strong>Lieferung<\/strong><\/p>\n<p>Artikel werden in die folgenden L\u00e4nder versendet: Weltweit (au\u00dfer in eingeschr\u00e4nkte L\u00e4nder).<\/p>\n<p>Die Versandkosten der Ware tr\u00e4gt der K\u00e4ufer, die entsprechenden Preisinformationen werden neben der Versandart angezeigt.<\/p>\n<p>Sendungen innerhalb Estlands treffen in der Regel innerhalb von 3 bis 14 Werktagen nach Inkrafttreten des Kaufvertrags am vom K\u00e4ufer angegebenen Bestimmungsort ein. Die Lieferung au\u00dferhalb Estlands erfolgt innerhalb von 21 Kalendertagen.<\/p>\n<p>In Ausnahmef\u00e4llen haben Sie das Recht, die Ware innerhalb von 45 Kalendertagen zu liefern.<\/p>\n<p><strong>Widerrufsrecht<\/strong><\/p>\n<p>Nach Erhalt der Bestellung hat der K\u00e4ufer das Recht, innerhalb von 14 Tagen vom im E-Shop geschlossenen Vertrag zur\u00fcckzutreten.<\/p>\n<p>Das Widerrufsrecht besteht nicht, wenn der K\u00e4ufer eine juristische Person ist.<\/p>\n<p>Um das 14-t\u00e4gige R\u00fcckgaberecht in Anspruch nehmen zu k\u00f6nnen, darf die bestellte Ware nicht in einer anderen Weise verwendet werden, als dies zur Pr\u00fcfung der Beschaffenheit, Eigenschaften und Funktionsweise der Ware in einer Weise erforderlich ist, die eine Pr\u00fcfung der Ware erm\u00f6glicht ein physisches Gesch\u00e4ft.<\/p>\n<p>Wenn die Waren zu anderen Zwecken verwendet wurden, als dies zur \u00dcberpr\u00fcfung der Beschaffenheit, Eigenschaften und Funktionsweise der Waren erforderlich ist, oder wenn sie Gebrauchs- oder Abnutzungserscheinungen aufweisen, hat der Online-Shop das Recht, die erstattungsf\u00e4hige Geb\u00fchr entsprechend der K\u00fcrzung zu reduzieren im Wert der Ware.<\/p>\n<p>Um die Ware zur\u00fcckzusenden, muss sp\u00e4testens innerhalb von 14 Tagen nach Erhalt der Ware eine Widerrufserkl\u00e4rung vom Kauf der Ware eingereicht und an die E-Mail-Adresse info@fysica.ee gesendet werden.<\/p>\n<p>Die Kosten f\u00fcr die R\u00fccksendung der Ware tr\u00e4gt der K\u00e4ufer, es sei denn, der Grund f\u00fcr die R\u00fccksendung besteht darin, dass der zur\u00fcckzusendende Artikel nicht der Bestellung entspricht (z. B. ein falscher oder defekter Artikel).<\/p>\n<p>Der K\u00e4ufer muss die Ware innerhalb von 14 Tagen nach Einreichung des Antrags zur\u00fccksenden oder den Nachweis erbringen, dass er die Ware innerhalb der oben genannten Frist an den Transporteur \u00fcbergeben hat.<\/p>\n<p>Nach Erhalt der zur\u00fcckgegebenen Ware erstattet der Online-Shop dem K\u00e4ufer unverz\u00fcglich, sp\u00e4testens jedoch 14 Tage nach Erhalt der Widerrufsbelehrung, alle vom K\u00e4ufer im Rahmen des Vertrags erhaltenen Geb\u00fchren zur\u00fcck. Bei teilweiser R\u00fccksendung der Bestellung erstatten wir Ihnen das zum Zeitpunkt der Bestellung gezahlte Porto im Verh\u00e4ltnis zur Anzahl der zur\u00fcckgegebenen Produkte.<\/p>\n<p>Der Online-Shop kann die R\u00fcckerstattung verweigern, bis er den vertragsgegenst\u00e4ndlichen Artikel erhalten hat oder bis der K\u00e4ufer den Nachweis erbracht hat, dass er den Artikel zur\u00fcckgesandt hat, je nachdem, was zuerst eintritt.<\/p>\n<p>Wenn der K\u00e4ufer ausdr\u00fccklich eine andere Versandart als die g\u00fcnstigste, vom Online-Shop angebotene \u00fcbliche Versandart gew\u00e4hlt hat, ist der Online-Shop nicht verpflichtet, dem Verbraucher die Kosten zu erstatten, die \u00fcber die mit der \u00fcblichen Versandart verbundenen Kosten hinausgehen.<\/p>\n<p>Der Online-Shop hat das Recht, vom Kaufgesch\u00e4ft zur\u00fcckzutreten und vom K\u00e4ufer die R\u00fcckgabe der Ware zu verlangen, wenn der Preis der Ware im Online-Shop aufgrund eines Fehlers deutlich unter dem Marktpreis der Ware liegt.<\/p>\n<p><strong>Das Recht, eine Klage einzureichen<\/strong><\/p>\n<p>Der Online-Shop ist daf\u00fcr verantwortlich, dass die an den K\u00e4ufer verkaufte Ware nicht den Vertragsbedingungen entspricht oder ein Mangel vorliegt, der bereits zum Zeitpunkt der \u00dcbergabe der Ware vorhanden war und innerhalb von zwei Jahren ab \u00dcbergabe der Ware an den Online-Shop auftritt K\u00e4ufer. Innerhalb der ersten sechs Monate ab Lieferung der Sache an den K\u00e4ufer wird davon ausgegangen, dass der Mangel bereits zum Zeitpunkt der Lieferung der Sache vorhanden war. Es liegt in der Verantwortung des Webshops, die entsprechende Annahme zu widerlegen.<\/p>\n<p>Im Falle eines Mangels hat der K\u00e4ufer das Recht, den Online-Shop sp\u00e4testens innerhalb von zwei Monaten per E-Mail an info@fysica.ee oder unter der Telefonnummer +372 5610 3132 zu kontaktieren<\/p>\n<p>Der Online-Shop haftet nicht f\u00fcr M\u00e4ngel, die nach \u00dcbergabe der Ware an den K\u00e4ufer entstanden sind.<\/p>\n<p>Wenn die im Online-Shop gekauften Waren M\u00e4ngel aufweisen, f\u00fcr die der Online-Shop verantwortlich ist, repariert oder ersetzt der Online-Shop die mangelhaften Waren. Wenn eine Reparatur oder ein Ersatz der Ware nicht m\u00f6glich ist, erstattet der Webshop alle mit dem Kaufvertrag verbundenen Geb\u00fchren an den K\u00e4ufer.<\/p>\n<p>Der Online-Shop antwortet innerhalb von 15 Tagen schriftlich oder in einer Form, die eine schriftliche Reproduktion erm\u00f6glicht, auf die Beschwerde des Verbrauchers.<\/p>\n<p><strong>Verarbeitung personenbezogener Daten<\/strong><\/p>\n<p>Der Online-Shop verwendet die vom K\u00e4ufer eingegebenen personenbezogenen Daten (u.a. Name, Telefonnummer, Adresse, E-Mail-Adresse, Bankverbindung) ausschlie\u00dflich zur Abwicklung der Bestellung und zum Versand der Ware an den K\u00e4ufer. Der Online-Shop \u00fcbermittelt personenbezogene Daten an Unternehmen, die Transportdienstleistungen erbringen, um Waren auszuliefern.<\/p>\n<p><strong>Streitbeilegung<\/strong><\/p>\n<p>Wenn der K\u00e4ufer Beschwerden bez\u00fcglich des Online-Shops hat, m\u00fcssen diese per E-Mail an info@fysica.ee oder telefonisch an +372 5610 3132 gesendet werden<\/p>\n<p>Wenn der K\u00e4ufer und der Online-Shop den Streit nicht einvernehmlich l\u00f6sen k\u00f6nnen, kann der K\u00e4ufer beim Verbraucherstreitausschuss Berufung einlegen. \u00dcber die Verfahrensvoraussetzungen und die Antragstellung k\u00f6nnen Sie sich auf der Website der Verbraucherstreitkommission informieren.<\/p>\n<p>Die Zust\u00e4ndigkeit des Ausschusses f\u00fcr Verbraucherstreitigkeiten besteht in der Beilegung von Streitigkeiten, die sich aus dem zwischen dem K\u00e4ufer und dem Online-Shop geschlossenen Vertrag ergeben. Die Pr\u00fcfung der Beschwerde des K\u00e4ufers durch die Kommission ist kostenlos.<\/p>\n<p>Der K\u00e4ufer kann sich an die Plattform zur Beilegung verbraucherrechtlicher Streitigkeiten der Europ\u00e4ischen Union wenden.<\/p>\n<p>&nbsp;<\/p>\n","protected":false},"excerpt":{"rendered":"<p>Der Eigent\u00fcmer des Online-Shops https:\/\/fysica.ee (im Folgenden \u201eOnline-Shop\u201c) ist Fysica O\u00dc (Registrierungscode 16717941) mit Sitz in Kivi tn 4a-13, Gemeinde [&hellip;]<\/p>\n","protected":false},"author":1,"featured_media":0,"parent":0,"menu_order":0,"comment_status":"closed","ping_status":"closed","template":"","meta":{"site-sidebar-layout":"default","site-content-layout":"","ast-site-content-layout":"default","site-content-style":"default","site-sidebar-style":"default","ast-global-header-display":"","ast-banner-title-visibility":"","ast-main-header-display":"","ast-hfb-above-header-display":"","ast-hfb-below-header-display":"","ast-hfb-mobile-header-display":"","site-post-title":"","ast-breadcrumbs-content":"","ast-featured-img":"","footer-sml-layout":"","theme-transparent-header-meta":"default","adv-header-id-meta":"","stick-header-meta":"","header-above-stick-meta":"","header-main-stick-meta":"","header-below-stick-meta":"","astra-migrate-meta-layouts":"set","ast-page-background-enabled":"default","ast-page-background-meta":{"desktop":{"background-color":"var(--ast-global-color-4)","background-image":"","background-repeat":"repeat","background-position":"center center","background-size":"auto","background-attachment":"scroll","background-type":"","background-media":"","overlay-type":"","overlay-color":"","overlay-opacity":"","overlay-gradient":""},"tablet":{"background-color":"","background-image":"","background-repeat":"repeat","background-position":"center center","background-size":"auto","background-attachment":"scroll","background-type":"","background-media":"","overlay-type":"","overlay-color":"","overlay-opacity":"","overlay-gradient":""},"mobile":{"background-color":"","background-image":"","background-repeat":"repeat","background-position":"center center","background-size":"auto","background-attachment":"scroll","background-type":"","background-media":"","overlay-type":"","overlay-color":"","overlay-opacity":"","overlay-gradient":""}},"ast-content-background-meta":{"desktop":{"background-color":"var(--ast-global-color-5)","background-image":"","background-repeat":"repeat","background-position":"center center","background-size":"auto","background-attachment":"scroll","background-type":"","background-media":"","overlay-type":"","overlay-color":"","overlay-opacity":"","overlay-gradient":""},"tablet":{"background-color":"var(--ast-global-color-5)","background-image":"","background-repeat":"repeat","background-position":"center center","background-size":"auto","background-attachment":"scroll","background-type":"","background-media":"","overlay-type":"","overlay-color":"","overlay-opacity":"","overlay-gradient":""},"mobile":{"background-color":"var(--ast-global-color-5)","background-image":"","background-repeat":"repeat","background-position":"center center","background-size":"auto","background-attachment":"scroll","background-type":"","background-media":"","overlay-type":"","overlay-color":"","overlay-opacity":"","overlay-gradient":""}},"footnotes":""},"class_list":["post-1281","page","type-page","status-publish","hentry"],"yoast_head":"<!-- This site is optimized with the Yoast SEO plugin v25.7 - https:\/\/yoast.com\/wordpress\/plugins\/seo\/ -->\n<title>Verkaufsbedingungen - Fysica O\u00dc - kvaliteetsed k\u00e4sit\u00f6\u00f6r\u00f5ivad<\/title>\n<meta name=\"robots\" content=\"index, follow, max-snippet:-1, max-image-preview:large, max-video-preview:-1\" \/>\n<link rel=\"canonical\" href=\"https:\/\/fysica.ee\/de\/verkaufsbedingungen\/\" \/>\n<meta property=\"og:locale\" content=\"de_DE\" \/>\n<meta property=\"og:type\" content=\"article\" \/>\n<meta property=\"og:title\" content=\"Verkaufsbedingungen - Fysica O\u00dc - kvaliteetsed k\u00e4sit\u00f6\u00f6r\u00f5ivad\" \/>\n<meta property=\"og:description\" content=\"Der Eigent\u00fcmer des Online-Shops https:\/\/fysica.ee (im Folgenden \u201eOnline-Shop\u201c) ist Fysica O\u00dc (Registrierungscode 16717941) mit Sitz in Kivi tn 4a-13, Gemeinde [&hellip;]\" \/>\n<meta property=\"og:url\" content=\"https:\/\/fysica.ee\/de\/verkaufsbedingungen\/\" \/>\n<meta property=\"og:site_name\" content=\"Fysica O\u00dc - kvaliteetsed k\u00e4sit\u00f6\u00f6r\u00f5ivad\" \/>\n<meta property=\"article:modified_time\" content=\"2024-12-12T13:17:12+00:00\" \/>\n<meta name=\"twitter:card\" content=\"summary_large_image\" \/>\n<meta name=\"twitter:label1\" content=\"Gesch\u00e4tzte Lesezeit\" \/>\n\t<meta name=\"twitter:data1\" content=\"6\u00a0Minuten\" \/>\n<script type=\"application\/ld+json\" class=\"yoast-schema-graph\">{\"@context\":\"https:\/\/schema.org\",\"@graph\":[{\"@type\":\"WebPage\",\"@id\":\"https:\/\/fysica.ee\/de\/verkaufsbedingungen\/\",\"url\":\"https:\/\/fysica.ee\/de\/verkaufsbedingungen\/\",\"name\":\"Verkaufsbedingungen - Fysica O\u00dc - kvaliteetsed k\u00e4sit\u00f6\u00f6r\u00f5ivad\",\"isPartOf\":{\"@id\":\"https:\/\/fysica.ee\/de\/#website\"},\"datePublished\":\"2024-12-12T13:02:25+00:00\",\"dateModified\":\"2024-12-12T13:17:12+00:00\",\"breadcrumb\":{\"@id\":\"https:\/\/fysica.ee\/de\/verkaufsbedingungen\/#breadcrumb\"},\"inLanguage\":\"de\",\"potentialAction\":[{\"@type\":\"ReadAction\",\"target\":[\"https:\/\/fysica.ee\/de\/verkaufsbedingungen\/\"]}]},{\"@type\":\"BreadcrumbList\",\"@id\":\"https:\/\/fysica.ee\/de\/verkaufsbedingungen\/#breadcrumb\",\"itemListElement\":[{\"@type\":\"ListItem\",\"position\":1,\"name\":\"Home\",\"item\":\"https:\/\/fysica.ee\/de\/\"},{\"@type\":\"ListItem\",\"position\":2,\"name\":\"Verkaufsbedingungen\"}]},{\"@type\":\"WebSite\",\"@id\":\"https:\/\/fysica.ee\/de\/#website\",\"url\":\"https:\/\/fysica.ee\/de\/\",\"name\":\"Fysica O\u00dc - kvaliteetsed k\u00e4sit\u00f6\u00f6r\u00f5ivad\",\"description\":\"Fysica O\u00dc - kvaliteetsed k\u00e4sit\u00f6\u00f6r\u00f5ivad\",\"publisher\":{\"@id\":\"https:\/\/fysica.ee\/de\/#organization\"},\"potentialAction\":[{\"@type\":\"SearchAction\",\"target\":{\"@type\":\"EntryPoint\",\"urlTemplate\":\"https:\/\/fysica.ee\/de\/?s={search_term_string}\"},\"query-input\":{\"@type\":\"PropertyValueSpecification\",\"valueRequired\":true,\"valueName\":\"search_term_string\"}}],\"inLanguage\":\"de\"},{\"@type\":\"Organization\",\"@id\":\"https:\/\/fysica.ee\/de\/#organization\",\"name\":\"Fysica O\u00dc\",\"url\":\"https:\/\/fysica.ee\/de\/\",\"logo\":{\"@type\":\"ImageObject\",\"inLanguage\":\"de\",\"@id\":\"https:\/\/fysica.ee\/de\/#\/schema\/logo\/image\/\",\"url\":\"https:\/\/fysica.ee\/wp-content\/uploads\/2024\/11\/Fysica-logo.png\",\"contentUrl\":\"https:\/\/fysica.ee\/wp-content\/uploads\/2024\/11\/Fysica-logo.png\",\"width\":390,\"height\":300,\"caption\":\"Fysica O\u00dc\"},\"image\":{\"@id\":\"https:\/\/fysica.ee\/de\/#\/schema\/logo\/image\/\"}}]}<\/script>\n<!-- \/ Yoast SEO plugin. -->","yoast_head_json":{"title":"Verkaufsbedingungen - Fysica O\u00dc - kvaliteetsed k\u00e4sit\u00f6\u00f6r\u00f5ivad","robots":{"index":"index","follow":"follow","max-snippet":"max-snippet:-1","max-image-preview":"max-image-preview:large","max-video-preview":"max-video-preview:-1"},"canonical":"https:\/\/fysica.ee\/de\/verkaufsbedingungen\/","og_locale":"de_DE","og_type":"article","og_title":"Verkaufsbedingungen - Fysica O\u00dc - kvaliteetsed k\u00e4sit\u00f6\u00f6r\u00f5ivad","og_description":"Der Eigent\u00fcmer des Online-Shops https:\/\/fysica.ee (im Folgenden \u201eOnline-Shop\u201c) ist Fysica O\u00dc (Registrierungscode 16717941) mit Sitz in Kivi tn 4a-13, Gemeinde [&hellip;]","og_url":"https:\/\/fysica.ee\/de\/verkaufsbedingungen\/","og_site_name":"Fysica O\u00dc - kvaliteetsed k\u00e4sit\u00f6\u00f6r\u00f5ivad","article_modified_time":"2024-12-12T13:17:12+00:00","twitter_card":"summary_large_image","twitter_misc":{"Gesch\u00e4tzte Lesezeit":"6\u00a0Minuten"},"schema":{"@context":"https:\/\/schema.org","@graph":[{"@type":"WebPage","@id":"https:\/\/fysica.ee\/de\/verkaufsbedingungen\/","url":"https:\/\/fysica.ee\/de\/verkaufsbedingungen\/","name":"Verkaufsbedingungen - Fysica O\u00dc - kvaliteetsed k\u00e4sit\u00f6\u00f6r\u00f5ivad","isPartOf":{"@id":"https:\/\/fysica.ee\/de\/#website"},"datePublished":"2024-12-12T13:02:25+00:00","dateModified":"2024-12-12T13:17:12+00:00","breadcrumb":{"@id":"https:\/\/fysica.ee\/de\/verkaufsbedingungen\/#breadcrumb"},"inLanguage":"de","potentialAction":[{"@type":"ReadAction","target":["https:\/\/fysica.ee\/de\/verkaufsbedingungen\/"]}]},{"@type":"BreadcrumbList","@id":"https:\/\/fysica.ee\/de\/verkaufsbedingungen\/#breadcrumb","itemListElement":[{"@type":"ListItem","position":1,"name":"Home","item":"https:\/\/fysica.ee\/de\/"},{"@type":"ListItem","position":2,"name":"Verkaufsbedingungen"}]},{"@type":"WebSite","@id":"https:\/\/fysica.ee\/de\/#website","url":"https:\/\/fysica.ee\/de\/","name":"Fysica O\u00dc - kvaliteetsed k\u00e4sit\u00f6\u00f6r\u00f5ivad","description":"Fysica O\u00dc - kvaliteetsed k\u00e4sit\u00f6\u00f6r\u00f5ivad","publisher":{"@id":"https:\/\/fysica.ee\/de\/#organization"},"potentialAction":[{"@type":"SearchAction","target":{"@type":"EntryPoint","urlTemplate":"https:\/\/fysica.ee\/de\/?s={search_term_string}"},"query-input":{"@type":"PropertyValueSpecification","valueRequired":true,"valueName":"search_term_string"}}],"inLanguage":"de"},{"@type":"Organization","@id":"https:\/\/fysica.ee\/de\/#organization","name":"Fysica O\u00dc","url":"https:\/\/fysica.ee\/de\/","logo":{"@type":"ImageObject","inLanguage":"de","@id":"https:\/\/fysica.ee\/de\/#\/schema\/logo\/image\/","url":"https:\/\/fysica.ee\/wp-content\/uploads\/2024\/11\/Fysica-logo.png","contentUrl":"https:\/\/fysica.ee\/wp-content\/uploads\/2024\/11\/Fysica-logo.png","width":390,"height":300,"caption":"Fysica O\u00dc"},"image":{"@id":"https:\/\/fysica.ee\/de\/#\/schema\/logo\/image\/"}}]}},"_links":{"self":[{"href":"https:\/\/fysica.ee\/de\/wp-json\/wp\/v2\/pages\/1281","targetHints":{"allow":["GET"]}}],"collection":[{"href":"https:\/\/fysica.ee\/de\/wp-json\/wp\/v2\/pages"}],"about":[{"href":"https:\/\/fysica.ee\/de\/wp-json\/wp\/v2\/types\/page"}],"author":[{"embeddable":true,"href":"https:\/\/fysica.ee\/de\/wp-json\/wp\/v2\/users\/1"}],"replies":[{"embeddable":true,"href":"https:\/\/fysica.ee\/de\/wp-json\/wp\/v2\/comments?post=1281"}],"version-history":[{"count":2,"href":"https:\/\/fysica.ee\/de\/wp-json\/wp\/v2\/pages\/1281\/revisions"}],"predecessor-version":[{"id":1283,"href":"https:\/\/fysica.ee\/de\/wp-json\/wp\/v2\/pages\/1281\/revisions\/1283"}],"wp:attachment":[{"href":"https:\/\/fysica.ee\/de\/wp-json\/wp\/v2\/media?parent=1281"}],"curies":[{"name":"wp","href":"https:\/\/api.w.org\/{rel}","templated":true}]}}