{"id":1737,"date":"2024-11-20T13:34:02","date_gmt":"2024-11-20T13:34:02","guid":{"rendered":"https:\/\/fysica.ee\/tietoa-meista\/"},"modified":"2025-08-19T09:54:16","modified_gmt":"2025-08-19T09:54:16","slug":"tietoa-meista","status":"publish","type":"page","link":"https:\/\/fysica.ee\/fi\/tietoa-meista\/","title":{"rendered":"Tietoa meist\u00e4"},"content":{"rendered":"\t\t<div data-elementor-type=\"wp-page\" data-elementor-id=\"1737\" class=\"elementor elementor-1737 elementor-35\" data-elementor-post-type=\"page\">\n\t\t\t\t<div class=\"elementor-element elementor-element-9597503 e-flex e-con-boxed e-con e-parent\" data-id=\"9597503\" data-element_type=\"container\">\n\t\t\t\t\t<div class=\"e-con-inner\">\n\t\t\t\t<div class=\"elementor-element elementor-element-4a636b9 elementor-widget elementor-widget-heading\" data-id=\"4a636b9\" data-element_type=\"widget\" data-widget_type=\"heading.default\">\n\t\t\t\t<div class=\"elementor-widget-container\">\n\t\t\t\t\t<h1 class=\"elementor-heading-title elementor-size-default\">Tietoa meist\u00e4<\/h1>\t\t\t\t<\/div>\n\t\t\t\t<\/div>\n\t\t\t\t\t<\/div>\n\t\t\t\t<\/div>\n\t\t<div class=\"elementor-element elementor-element-c81b5bc e-flex e-con-boxed e-con e-parent\" data-id=\"c81b5bc\" data-element_type=\"container\">\n\t\t\t\t\t<div class=\"e-con-inner\">\n\t\t\t\t<div class=\"elementor-element elementor-element-902503a elementor-widget elementor-widget-text-editor\" data-id=\"902503a\" data-element_type=\"widget\" data-widget_type=\"text-editor.default\">\n\t\t\t\t<div class=\"elementor-widget-container\">\n\t\t\t\t\t\t\t\t\t<p>Fysica-yritys perustettiin ajatuksella, ett\u00e4 ihminen voi joko parantaa tai muuttaa monia asioita ajattelun avulla. Raamattu lupaa iankaikkisen el\u00e4m\u00e4n, ja t\u00e4m\u00e4 on my\u00f6s Fysican luojan ajatus. Nimitt\u00e4in on tunnettu tosiasia, ett\u00e4 ihmissolut uusiutuvat useita kertoja el\u00e4m\u00e4ns\u00e4 aikana. Ja iankaikkinen el\u00e4m\u00e4 olisi mahdollista, jos solut uusiutuisivat jatkuvasti. Koska solut uusiutuvat, ihmisell\u00e4 on siis kaikki tarvittava solujen uusiutumiseen. Eli mekanismi. T\u00e4ss\u00e4 on Fysican luojan ajatus &#8211; ett\u00e4 ihminen ei ole el\u00e4in, joka ajattelee vain seksi\u00e4 ja ruokaa. Jos ihminen itse meditoidessaan antaa aivoille k\u00e4skyn. Ett\u00e4 solut uusiutuvat. Silloin se voi olla niin. T\u00e4ss\u00e4 vaiheessa pyyd\u00e4n my\u00f6s huipputiedemiehi\u00e4 tekem\u00e4\u00e4n mahdollisimman paljon yhteisty\u00f6t\u00e4 ja tutkimaan, onko mahdollista antaa jotain lis\u00e4ainetta tai tablettia. Solujen uusiutumisen edist\u00e4miseksi. Fysican luominen alkoi l\u00f6yd\u00f6st\u00e4, ett\u00e4 jos ihminen nousee seisomaan ja kuvittelee selk\u00e4ns\u00e4 taakse nelj\u00e4 neli\u00f6t\u00e4 (kuvassa), aivot tunnistavat ep\u00e4symmetriset vaatteet (jos vaatteen toisella puolella on tasku, haluat toisenkin puolen olevan samanlainen). My\u00f6hemmin ihminen alkaa rakastaa symmetrisi\u00e4 vaatteita. Vaikka kehityst\u00e4 on tehty 6\u20137 vuotta, on k\u00e4ynyt selv\u00e4ksi, ett\u00e4 aina kannattaa k\u00e4ytt\u00e4\u00e4 jotain ep\u00e4symmetrist\u00e4. Silloin symmetriaa edist\u00e4v\u00e4t neli\u00f6t toimivat paremmin.<\/p>\n<p>Koska vain aivojen takana olevat neli\u00f6t ovat kuormitettuja, my\u00f6s edess\u00e4 on neli\u00f6it\u00e4 ja ihanteellisen naisen\/miehen kuva. T\u00e4m\u00e4 on jokaisessa paidassa (kuten kuvassa). Ja sis\u00e4ll\u00e4.<\/p>\n\t\t\t\t\t\t\t\t<\/div>\n\t\t\t\t<\/div>\n\t\t\t\t\t<\/div>\n\t\t\t\t<\/div>\n\t\t\t\t<\/div>\n\t\t","protected":false},"excerpt":{"rendered":"<p>Fysica-yritys perustettiin ajatuksella, ett\u00e4 ihminen voi joko parantaa tai muuttaa monia asioita ajattelun avulla. Raamattu lupaa iankaikkisen el\u00e4m\u00e4n, ja t\u00e4m\u00e4 [&hellip;]<\/p>\n","protected":false},"author":1,"featured_media":0,"parent":0,"menu_order":0,"comment_status":"closed","ping_status":"closed","template":"","meta":{"site-sidebar-layout":"no-sidebar","site-content-layout":"","ast-site-content-layout":"full-width-container","site-content-style":"default","site-sidebar-style":"default","ast-global-header-display":"","ast-banner-title-visibility":"","ast-main-header-display":"","ast-hfb-above-header-display":"","ast-hfb-below-header-display":"","ast-hfb-mobile-header-display":"","site-post-title":"disabled","ast-breadcrumbs-content":"","ast-featured-img":"disabled","footer-sml-layout":"","theme-transparent-header-meta":"default","adv-header-id-meta":"","stick-header-meta":"","header-above-stick-meta":"","header-main-stick-meta":"","header-below-stick-meta":"","astra-migrate-meta-layouts":"default","ast-page-background-enabled":"default","ast-page-background-meta":{"desktop":{"background-color":"var(--ast-global-color-4)","background-image":"","background-repeat":"repeat","background-position":"center center","background-size":"auto","background-attachment":"scroll","background-type":"","background-media":"","overlay-type":"","overlay-color":"","overlay-opacity":"","overlay-gradient":""},"tablet":{"background-color":"","background-image":"","background-repeat":"repeat","background-position":"center center","background-size":"auto","background-attachment":"scroll","background-type":"","background-media":"","overlay-type":"","overlay-color":"","overlay-opacity":"","overlay-gradient":""},"mobile":{"background-color":"","background-image":"","background-repeat":"repeat","background-position":"center center","background-size":"auto","background-attachment":"scroll","background-type":"","background-media":"","overlay-type":"","overlay-color":"","overlay-opacity":"","overlay-gradient":""}},"ast-content-background-meta":{"desktop":{"background-color":"var(--ast-global-color-5)","background-image":"","background-repeat":"repeat","background-position":"center center","background-size":"auto","background-attachment":"scroll","background-type":"","background-media":"","overlay-type":"","overlay-color":"","overlay-opacity":"","overlay-gradient":""},"tablet":{"background-color":"var(--ast-global-color-5)","background-image":"","background-repeat":"repeat","background-position":"center center","background-size":"auto","background-attachment":"scroll","background-type":"","background-media":"","overlay-type":"","overlay-color":"","overlay-opacity":"","overlay-gradient":""},"mobile":{"background-color":"var(--ast-global-color-5)","background-image":"","background-repeat":"repeat","background-position":"center center","background-size":"auto","background-attachment":"scroll","background-type":"","background-media":"","overlay-type":"","overlay-color":"","overlay-opacity":"","overlay-gradient":""}},"footnotes":""},"class_list":["post-1737","page","type-page","status-publish","hentry"],"yoast_head":"<!-- This site is optimized with the Yoast SEO plugin v25.7 - https:\/\/yoast.com\/wordpress\/plugins\/seo\/ -->\n<title>Tietoa meist\u00e4 - Fysica O\u00dc - kvaliteetsed k\u00e4sit\u00f6\u00f6r\u00f5ivad<\/title>\n<meta name=\"robots\" content=\"index, follow, max-snippet:-1, max-image-preview:large, max-video-preview:-1\" \/>\n<link rel=\"canonical\" href=\"https:\/\/fysica.ee\/fi\/tietoa-meista\/\" \/>\n<meta property=\"og:locale\" content=\"fi_FI\" \/>\n<meta property=\"og:type\" content=\"article\" \/>\n<meta property=\"og:title\" content=\"Tietoa meist\u00e4 - Fysica O\u00dc - kvaliteetsed k\u00e4sit\u00f6\u00f6r\u00f5ivad\" \/>\n<meta property=\"og:description\" content=\"Fysica-yritys perustettiin ajatuksella, ett\u00e4 ihminen voi joko parantaa tai muuttaa monia asioita ajattelun avulla. Raamattu lupaa iankaikkisen el\u00e4m\u00e4n, ja t\u00e4m\u00e4 [&hellip;]\" \/>\n<meta property=\"og:url\" content=\"https:\/\/fysica.ee\/fi\/tietoa-meista\/\" \/>\n<meta property=\"og:site_name\" content=\"Fysica O\u00dc - kvaliteetsed k\u00e4sit\u00f6\u00f6r\u00f5ivad\" \/>\n<meta property=\"article:modified_time\" content=\"2025-08-19T09:54:16+00:00\" \/>\n<meta name=\"twitter:card\" content=\"summary_large_image\" \/>\n<meta name=\"twitter:label1\" content=\"Arvioitu lukuaika\" \/>\n\t<meta name=\"twitter:data1\" content=\"1 minuutti\" \/>\n<script type=\"application\/ld+json\" class=\"yoast-schema-graph\">{\"@context\":\"https:\/\/schema.org\",\"@graph\":[{\"@type\":\"WebPage\",\"@id\":\"https:\/\/fysica.ee\/fi\/tietoa-meista\/\",\"url\":\"https:\/\/fysica.ee\/fi\/tietoa-meista\/\",\"name\":\"Tietoa meist\u00e4 - Fysica O\u00dc - kvaliteetsed k\u00e4sit\u00f6\u00f6r\u00f5ivad\",\"isPartOf\":{\"@id\":\"https:\/\/fysica.ee\/fi\/#website\"},\"datePublished\":\"2024-11-20T13:34:02+00:00\",\"dateModified\":\"2025-08-19T09:54:16+00:00\",\"breadcrumb\":{\"@id\":\"https:\/\/fysica.ee\/fi\/tietoa-meista\/#breadcrumb\"},\"inLanguage\":\"fi\",\"potentialAction\":[{\"@type\":\"ReadAction\",\"target\":[\"https:\/\/fysica.ee\/fi\/tietoa-meista\/\"]}]},{\"@type\":\"BreadcrumbList\",\"@id\":\"https:\/\/fysica.ee\/fi\/tietoa-meista\/#breadcrumb\",\"itemListElement\":[{\"@type\":\"ListItem\",\"position\":1,\"name\":\"Home\",\"item\":\"https:\/\/fysica.ee\/fi\/\"},{\"@type\":\"ListItem\",\"position\":2,\"name\":\"Tietoa meist\u00e4\"}]},{\"@type\":\"WebSite\",\"@id\":\"https:\/\/fysica.ee\/fi\/#website\",\"url\":\"https:\/\/fysica.ee\/fi\/\",\"name\":\"Fysica O\u00dc - kvaliteetsed k\u00e4sit\u00f6\u00f6r\u00f5ivad\",\"description\":\"Fysica O\u00dc - kvaliteetsed k\u00e4sit\u00f6\u00f6r\u00f5ivad\",\"publisher\":{\"@id\":\"https:\/\/fysica.ee\/fi\/#organization\"},\"potentialAction\":[{\"@type\":\"SearchAction\",\"target\":{\"@type\":\"EntryPoint\",\"urlTemplate\":\"https:\/\/fysica.ee\/fi\/?s={search_term_string}\"},\"query-input\":{\"@type\":\"PropertyValueSpecification\",\"valueRequired\":true,\"valueName\":\"search_term_string\"}}],\"inLanguage\":\"fi\"},{\"@type\":\"Organization\",\"@id\":\"https:\/\/fysica.ee\/fi\/#organization\",\"name\":\"Fysica O\u00dc\",\"url\":\"https:\/\/fysica.ee\/fi\/\",\"logo\":{\"@type\":\"ImageObject\",\"inLanguage\":\"fi\",\"@id\":\"https:\/\/fysica.ee\/fi\/#\/schema\/logo\/image\/\",\"url\":\"https:\/\/fysica.ee\/wp-content\/uploads\/2024\/11\/Fysica-logo.png\",\"contentUrl\":\"https:\/\/fysica.ee\/wp-content\/uploads\/2024\/11\/Fysica-logo.png\",\"width\":390,\"height\":300,\"caption\":\"Fysica O\u00dc\"},\"image\":{\"@id\":\"https:\/\/fysica.ee\/fi\/#\/schema\/logo\/image\/\"}}]}<\/script>\n<!-- \/ Yoast SEO plugin. -->","yoast_head_json":{"title":"Tietoa meist\u00e4 - Fysica O\u00dc - kvaliteetsed k\u00e4sit\u00f6\u00f6r\u00f5ivad","robots":{"index":"index","follow":"follow","max-snippet":"max-snippet:-1","max-image-preview":"max-image-preview:large","max-video-preview":"max-video-preview:-1"},"canonical":"https:\/\/fysica.ee\/fi\/tietoa-meista\/","og_locale":"fi_FI","og_type":"article","og_title":"Tietoa meist\u00e4 - Fysica O\u00dc - kvaliteetsed k\u00e4sit\u00f6\u00f6r\u00f5ivad","og_description":"Fysica-yritys perustettiin ajatuksella, ett\u00e4 ihminen voi joko parantaa tai muuttaa monia asioita ajattelun avulla. Raamattu lupaa iankaikkisen el\u00e4m\u00e4n, ja t\u00e4m\u00e4 [&hellip;]","og_url":"https:\/\/fysica.ee\/fi\/tietoa-meista\/","og_site_name":"Fysica O\u00dc - kvaliteetsed k\u00e4sit\u00f6\u00f6r\u00f5ivad","article_modified_time":"2025-08-19T09:54:16+00:00","twitter_card":"summary_large_image","twitter_misc":{"Arvioitu lukuaika":"1 minuutti"},"schema":{"@context":"https:\/\/schema.org","@graph":[{"@type":"WebPage","@id":"https:\/\/fysica.ee\/fi\/tietoa-meista\/","url":"https:\/\/fysica.ee\/fi\/tietoa-meista\/","name":"Tietoa meist\u00e4 - Fysica O\u00dc - kvaliteetsed k\u00e4sit\u00f6\u00f6r\u00f5ivad","isPartOf":{"@id":"https:\/\/fysica.ee\/fi\/#website"},"datePublished":"2024-11-20T13:34:02+00:00","dateModified":"2025-08-19T09:54:16+00:00","breadcrumb":{"@id":"https:\/\/fysica.ee\/fi\/tietoa-meista\/#breadcrumb"},"inLanguage":"fi","potentialAction":[{"@type":"ReadAction","target":["https:\/\/fysica.ee\/fi\/tietoa-meista\/"]}]},{"@type":"BreadcrumbList","@id":"https:\/\/fysica.ee\/fi\/tietoa-meista\/#breadcrumb","itemListElement":[{"@type":"ListItem","position":1,"name":"Home","item":"https:\/\/fysica.ee\/fi\/"},{"@type":"ListItem","position":2,"name":"Tietoa meist\u00e4"}]},{"@type":"WebSite","@id":"https:\/\/fysica.ee\/fi\/#website","url":"https:\/\/fysica.ee\/fi\/","name":"Fysica O\u00dc - kvaliteetsed k\u00e4sit\u00f6\u00f6r\u00f5ivad","description":"Fysica O\u00dc - kvaliteetsed k\u00e4sit\u00f6\u00f6r\u00f5ivad","publisher":{"@id":"https:\/\/fysica.ee\/fi\/#organization"},"potentialAction":[{"@type":"SearchAction","target":{"@type":"EntryPoint","urlTemplate":"https:\/\/fysica.ee\/fi\/?s={search_term_string}"},"query-input":{"@type":"PropertyValueSpecification","valueRequired":true,"valueName":"search_term_string"}}],"inLanguage":"fi"},{"@type":"Organization","@id":"https:\/\/fysica.ee\/fi\/#organization","name":"Fysica O\u00dc","url":"https:\/\/fysica.ee\/fi\/","logo":{"@type":"ImageObject","inLanguage":"fi","@id":"https:\/\/fysica.ee\/fi\/#\/schema\/logo\/image\/","url":"https:\/\/fysica.ee\/wp-content\/uploads\/2024\/11\/Fysica-logo.png","contentUrl":"https:\/\/fysica.ee\/wp-content\/uploads\/2024\/11\/Fysica-logo.png","width":390,"height":300,"caption":"Fysica O\u00dc"},"image":{"@id":"https:\/\/fysica.ee\/fi\/#\/schema\/logo\/image\/"}}]}},"_links":{"self":[{"href":"https:\/\/fysica.ee\/fi\/wp-json\/wp\/v2\/pages\/1737","targetHints":{"allow":["GET"]}}],"collection":[{"href":"https:\/\/fysica.ee\/fi\/wp-json\/wp\/v2\/pages"}],"about":[{"href":"https:\/\/fysica.ee\/fi\/wp-json\/wp\/v2\/types\/page"}],"author":[{"embeddable":true,"href":"https:\/\/fysica.ee\/fi\/wp-json\/wp\/v2\/users\/1"}],"replies":[{"embeddable":true,"href":"https:\/\/fysica.ee\/fi\/wp-json\/wp\/v2\/comments?post=1737"}],"version-history":[{"count":1,"href":"https:\/\/fysica.ee\/fi\/wp-json\/wp\/v2\/pages\/1737\/revisions"}],"predecessor-version":[{"id":1738,"href":"https:\/\/fysica.ee\/fi\/wp-json\/wp\/v2\/pages\/1737\/revisions\/1738"}],"wp:attachment":[{"href":"https:\/\/fysica.ee\/fi\/wp-json\/wp\/v2\/media?parent=1737"}],"curies":[{"name":"wp","href":"https:\/\/api.w.org\/{rel}","templated":true}]}}