{"id":1760,"date":"2024-12-12T13:02:25","date_gmt":"2024-12-12T13:02:25","guid":{"rendered":"https:\/\/fysica.ee\/myynti-ja-palautusehdot\/"},"modified":"2024-12-12T13:02:25","modified_gmt":"2024-12-12T13:02:25","slug":"myynti-ja-palautusehdot","status":"publish","type":"page","link":"https:\/\/fysica.ee\/fi\/myynti-ja-palautusehdot\/","title":{"rendered":"Myynti- ja palautusehdot"},"content":{"rendered":"<p>Verkkokaupan https:\/\/fysica.ee (j\u00e4ljemp\u00e4n\u00e4 Verkkokauppa) omistaja on Fysica O\u00dc (rekisterinumero 16717941), joka sijaitsee osoitteessa Kivi tn 4a-13, Vasalemma alevik, L\u00e4\u00e4ne-Harjun kunta, Harjun maakunta, 76101.<\/p>\n<p>Myyntisopimuksen voimassaolo, tuote- ja hintatiedot<\/p>\n<p>Myyntiehdot ovat voimassa ostettaessa tuotteita verkkokaupasta.<\/p>\n<p>Tiedot tuotteista on annettu verkkokaupassa suoraan tuotteiden vieress\u00e4.<\/p>\n<p>Verkkokaupassa myyt\u00e4vien tuotteiden hinnat on ilmoitettu tuotteiden vieress\u00e4. Hintaan lis\u00e4t\u00e4\u00e4n toimitusmaksu.<\/p>\n<p>Tavaroiden toimitusmaksu riippuu ostajan sijainnista ja toimitustavasta. Toimitusmaksu n\u00e4ytet\u00e4\u00e4n ostajalle tilauksen yhteydess\u00e4.<\/p>\n<p>Toimituskulut Virossa:<\/p>\n<p>DHL-kuriiri \u2013 19,90<br \/>\nTavarat l\u00e4hetet\u00e4\u00e4n DHL-kuriirilla.<\/p>\n<p>Tilauksen tekeminen<\/p>\n<p>Tuotteiden tilaamiseksi halutut tuotteet on lis\u00e4tt\u00e4v\u00e4 ostoskoriin. Tilauksen tekemiseksi sinun on t\u00e4ytett\u00e4v\u00e4 pakolliset tietokent\u00e4t ja valittava tuotteille sopiva toimitustapa. Maksun m\u00e4\u00e4r\u00e4 n\u00e4kyy sitten n\u00e4yt\u00f6ll\u00e4, ja se voidaan maksaa turvallisesti seuraavilla maksutavoilla:<\/p>\n<p>tilisiirrolla<br \/>\nkortilla.<\/p>\n<p>Verkkokaupassa myyt\u00e4vien tuotteiden hinnat ovat euroissa. Hyv\u00e4ksymme maksut my\u00f6s euroissa (\u20ac).<\/p>\n<p>Sopimus tulee voimaan, kun er\u00e4\u00e4ntynyt summa on saapunut verkkokaupan pankkitilille.<\/p>\n<p>Jos tilattuja tuotteita ei voida toimittaa tuotteiden loppumisen tai muun syyn vuoksi, ostajalle ilmoitetaan asiasta mahdollisimman pian ja maksetut rahat (mukaan lukien tuotteiden toimituskulut) palautetaan v\u00e4litt\u00f6m\u00e4sti, mutta viimeist\u00e4\u00e4n 14 p\u00e4iv\u00e4n kuluessa ilmoituksen l\u00e4hett\u00e4misest\u00e4.<\/p>\n<p>Toimitus<\/p>\n<p>Tavaroita toimitetaan seuraaviin maihin: Maailmanlaajuisesti (lukuun ottamatta maita, joihin sovelletaan rajoituksia).<\/p>\n<p>Tavaroiden toimituskulut maksaa ostaja, ja vastaavat hintatiedot n\u00e4kyv\u00e4t toimitustavan vieress\u00e4.<\/p>\n<p>Viron sis\u00e4iset l\u00e4hetykset saapuvat yleens\u00e4 ostajan ilmoittamaan m\u00e4\u00e4r\u00e4np\u00e4\u00e4h\u00e4n 3\u201314 arkip\u00e4iv\u00e4n kuluessa myyntisopimuksen voimaantulosta. Toimitus Viron ulkopuolelle tapahtuu 21 kalenterip\u00e4iv\u00e4n kuluessa.<\/p>\n<p>Poikkeustapauksissa tavaroiden toimitusoikeus on jopa 45 kalenterip\u00e4iv\u00e4\u00e4.<\/p>\n<p>Peruuttamisoikeus<\/p>\n<p>Tilauksen vastaanottamisen j\u00e4lkeen ostajalla on oikeus peruuttaa verkkokaupassa tehty sopimus 14 p\u00e4iv\u00e4n kuluessa.<\/p>\n<p>Peruuttamisoikeus ei koske ostajaa, joka on oikeushenkil\u00f6.<\/p>\n<p>14 p\u00e4iv\u00e4n palautusoikeuden k\u00e4ytt\u00e4miseksi tilattuja tavaroita ei saa k\u00e4ytt\u00e4\u00e4 muulla tavoin kuin on tarpeen tavaroiden luonteen, ominaisuuksien ja toiminnan tarkistamiseksi samalla tavalla kuin niit\u00e4 on sallittu testata fyysisess\u00e4 myym\u00e4l\u00e4ss\u00e4.<\/p>\n<p>Jos tavaroita on k\u00e4ytetty muuhun tarkoitukseen kuin siihen, joka on tarpeen tavaran luonteen, ominaisuuksien ja toiminnan tarkistamiseksi, tai jos niiss\u00e4 on k\u00e4yt\u00f6n tai kulumisen merkkej\u00e4, verkkokaupalla on oikeus alentaa palautusmaksua tavaran arvon alenemisen mukaisesti.<\/p>\n<p>Tavaran palauttamiseksi on toimitettava peruuttamislomake ja l\u00e4hetett\u00e4v\u00e4 se s\u00e4hk\u00f6postiosoitteeseen info@physica.ee viimeist\u00e4\u00e4n 14 p\u00e4iv\u00e4n kuluessa tavaran vastaanottamisesta.<\/p>\n<p>Tavaroiden palautuskulut ovat ostajan vastuulla, paitsi jos palautuksen syyn\u00e4 on se, ett\u00e4 palautettava tuote ei vastaa tilausta (esim. v\u00e4\u00e4r\u00e4 tai viallinen tuote).<\/p>\n<p>Ostajan on palautettava tavara 14 p\u00e4iv\u00e4n kuluessa hakemuksen j\u00e4tt\u00e4misest\u00e4 tai esitett\u00e4v\u00e4 todiste siit\u00e4, ett\u00e4 h\u00e4n on luovuttanut tavaran tavaran kuljettajalle edell\u00e4 mainitussa ajassa.<\/p>\n<p>Verkkokauppa hyvitt\u00e4\u00e4 palautetun tavaran vastaanotettuaan ostajalle viipym\u00e4tt\u00e4, mutta viimeist\u00e4\u00e4n 14 p\u00e4iv\u00e4n kuluessa peruuttamislomakkeen vastaanottamisesta, kaikki ostajalta sopimuksen nojalla saadut maksut. Jos tilaus palautetaan osittain, palautamme tilauksesta maksetut postikulut palautettujen tuotteiden lukum\u00e4\u00e4r\u00e4n suhteessa.<\/p>\n<p>Verkkokauppa voi kielt\u00e4yty\u00e4 hyvityksist\u00e4, kunnes sopimuksen kohteena oleva tuote on palautettu tai kunnes ostaja on toimittanut todisteen tuotteen palauttamisesta, sen mukaan, kumpi tapahtuu aikaisemmin.<\/p>\n<p>Jos ostaja on nimenomaisesti valinnut toimitustavaksi muun kuin verkkokaupan tarjoaman halvimman vakiotoimitustavan, verkkokauppa ei ole velvollinen palauttamaan kuluttajalle vakiotoimitustavan kustannuksia ylitt\u00e4vi\u00e4 kustannuksia.<\/p>\n<p>Verkkokaupalla on oikeus peruuttaa myyntitapahtuma ja vaatia ostajalta tuotteen palautusta, jos tuotteen hinta verkkokaupassa on virheen vuoksi ilmoitettu huomattavasti tuotteen markkinahintaa alhaisemmaksi.<\/p>\n<p>Oikeus tehd\u00e4 reklamaatio<\/p>\n<p>Verkkokauppa on vastuussa ostajalle myydyn tuotteen virheest\u00e4 tai puutteesta, joka vastaa ostajalle toimitetussa sopimuksessa asetettuja ehtoja ja joka ilmenee kahden vuoden kuluessa tuotteen toimittamisesta ostajalle. Kuuden ensimm\u00e4isen kuukauden aikana tuotteen toimittamisesta ostajalle oletetaan, ett\u00e4 virhe oli jo olemassa tuotteen toimitushetkell\u00e4. Verkkokaupan velvollisuus on kumota t\u00e4m\u00e4 oletus.<\/p>\n<p>Ostajalla on oikeus ottaa yhteytt\u00e4 verkkokauppaan kahden kuukauden kuluessa virheen ilmenemisest\u00e4 l\u00e4hett\u00e4m\u00e4ll\u00e4 s\u00e4hk\u00f6postia osoitteeseen info@physica.ee tai soittamalla numeroon: +372 5610 3132<\/p>\n<p>Verkkokauppa ei ole vastuussa virheist\u00e4, jotka ovat syntyneet tuotteen toimittamisen j\u00e4lkeen ostajalle.<\/p>\n<p>Jos verkkokaupasta ostetuissa tuotteissa on virheit\u00e4, joista verkkokauppa on vastuussa, verkkokauppa korjaa tai vaihtaa viallisen tuotteen. Jos tuotetta ei voida korjata tai vaihtaa, verkkokauppa hyvitt\u00e4\u00e4 ostajalle kaikki myyntisopimuksen mukaiset maksut.<\/p>\n<p>Verkkokauppa vastaa kuluttajan tekem\u00e4\u00e4n valitukseen kirjallisesti tai kirjallisesti toistettavissa olevassa muodossa 15 p\u00e4iv\u00e4n kuluessa.<\/p>\n<p>Henkil\u00f6tietojen k\u00e4sittely<\/p>\n<p>Verkkokauppa k\u00e4ytt\u00e4\u00e4 ostajan antamia henkil\u00f6tietoja (mukaan lukien nimi, puhelinnumero, osoite, s\u00e4hk\u00f6postiosoite, pankkitiedot) ainoastaan tilauksen k\u00e4sittelyyn ja tuotteiden l\u00e4hett\u00e4miseen ostajalle. Verkkokauppa siirt\u00e4\u00e4 henkil\u00f6tietoja kuljetuspalveluita tarjoaville yrityksille tuotteiden toimittamiseksi.<\/p>\n<p>Riitojenratkaisu<\/p>\n<p>Jos ostajalla on valituksia verkkokaupasta, ne tulee l\u00e4hett\u00e4\u00e4 s\u00e4hk\u00f6postitse osoitteeseen info@physica.ee tai puhelimitse numeroon +372 5610 3132.<\/p>\n<p>Jos ostaja ja verkkokauppa eiv\u00e4t pysty ratkaisemaan riitaa sopimuksella, ostaja voi ottaa yhteytt\u00e4 kuluttajariitalautakuntaan. Menettelyehdot ovat n\u00e4ht\u00e4viss\u00e4 ja lausunnon voi j\u00e4tt\u00e4\u00e4 kuluttajariitalautakunnan verkkosivuilla.<\/p>\n<p>Kuluttajariitalautakunta on toimivaltainen ratkaisemaan ostajan ja verkkokaupan v\u00e4lisest\u00e4 sopimuksesta johtuvat riidat. Ostajan valituksen k\u00e4sittely lautakunnassa on maksutonta.<\/p>\n<p>Ostaja voi ottaa yhteytt\u00e4 Euroopan unionin kuluttajariitojen ratkaisufoorumiin.<\/p>\n","protected":false},"excerpt":{"rendered":"<p>Verkkokaupan https:\/\/fysica.ee (j\u00e4ljemp\u00e4n\u00e4 Verkkokauppa) omistaja on Fysica O\u00dc (rekisterinumero 16717941), joka sijaitsee osoitteessa Kivi tn 4a-13, Vasalemma alevik, L\u00e4\u00e4ne-Harjun kunta, [&hellip;]<\/p>\n","protected":false},"author":1,"featured_media":0,"parent":0,"menu_order":0,"comment_status":"closed","ping_status":"closed","template":"","meta":{"site-sidebar-layout":"default","site-content-layout":"","ast-site-content-layout":"default","site-content-style":"default","site-sidebar-style":"default","ast-global-header-display":"","ast-banner-title-visibility":"","ast-main-header-display":"","ast-hfb-above-header-display":"","ast-hfb-below-header-display":"","ast-hfb-mobile-header-display":"","site-post-title":"","ast-breadcrumbs-content":"","ast-featured-img":"","footer-sml-layout":"","theme-transparent-header-meta":"default","adv-header-id-meta":"","stick-header-meta":"","header-above-stick-meta":"","header-main-stick-meta":"","header-below-stick-meta":"","astra-migrate-meta-layouts":"default","ast-page-background-enabled":"default","ast-page-background-meta":{"desktop":{"background-color":"var(--ast-global-color-4)","background-image":"","background-repeat":"repeat","background-position":"center center","background-size":"auto","background-attachment":"scroll","background-type":"","background-media":"","overlay-type":"","overlay-color":"","overlay-opacity":"","overlay-gradient":""},"tablet":{"background-color":"","background-image":"","background-repeat":"repeat","background-position":"center center","background-size":"auto","background-attachment":"scroll","background-type":"","background-media":"","overlay-type":"","overlay-color":"","overlay-opacity":"","overlay-gradient":""},"mobile":{"background-color":"","background-image":"","background-repeat":"repeat","background-position":"center center","background-size":"auto","background-attachment":"scroll","background-type":"","background-media":"","overlay-type":"","overlay-color":"","overlay-opacity":"","overlay-gradient":""}},"ast-content-background-meta":{"desktop":{"background-color":"var(--ast-global-color-5)","background-image":"","background-repeat":"repeat","background-position":"center center","background-size":"auto","background-attachment":"scroll","background-type":"","background-media":"","overlay-type":"","overlay-color":"","overlay-opacity":"","overlay-gradient":""},"tablet":{"background-color":"var(--ast-global-color-5)","background-image":"","background-repeat":"repeat","background-position":"center center","background-size":"auto","background-attachment":"scroll","background-type":"","background-media":"","overlay-type":"","overlay-color":"","overlay-opacity":"","overlay-gradient":""},"mobile":{"background-color":"var(--ast-global-color-5)","background-image":"","background-repeat":"repeat","background-position":"center center","background-size":"auto","background-attachment":"scroll","background-type":"","background-media":"","overlay-type":"","overlay-color":"","overlay-opacity":"","overlay-gradient":""}},"footnotes":""},"class_list":["post-1760","page","type-page","status-publish","hentry"],"yoast_head":"<!-- This site is optimized with the Yoast SEO plugin v25.7 - https:\/\/yoast.com\/wordpress\/plugins\/seo\/ -->\n<title>Myynti- ja palautusehdot - Fysica O\u00dc - kvaliteetsed k\u00e4sit\u00f6\u00f6r\u00f5ivad<\/title>\n<meta name=\"robots\" content=\"index, follow, max-snippet:-1, max-image-preview:large, max-video-preview:-1\" \/>\n<link rel=\"canonical\" href=\"https:\/\/fysica.ee\/fi\/myynti-ja-palautusehdot\/\" \/>\n<meta property=\"og:locale\" content=\"fi_FI\" \/>\n<meta property=\"og:type\" content=\"article\" \/>\n<meta property=\"og:title\" content=\"Myynti- ja palautusehdot - Fysica O\u00dc - kvaliteetsed k\u00e4sit\u00f6\u00f6r\u00f5ivad\" \/>\n<meta property=\"og:description\" content=\"Verkkokaupan https:\/\/fysica.ee (j\u00e4ljemp\u00e4n\u00e4 Verkkokauppa) omistaja on Fysica O\u00dc (rekisterinumero 16717941), joka sijaitsee osoitteessa Kivi tn 4a-13, Vasalemma alevik, L\u00e4\u00e4ne-Harjun kunta, [&hellip;]\" \/>\n<meta property=\"og:url\" content=\"https:\/\/fysica.ee\/fi\/myynti-ja-palautusehdot\/\" \/>\n<meta property=\"og:site_name\" content=\"Fysica O\u00dc - kvaliteetsed k\u00e4sit\u00f6\u00f6r\u00f5ivad\" \/>\n<meta name=\"twitter:card\" content=\"summary_large_image\" \/>\n<meta name=\"twitter:label1\" content=\"Arvioitu lukuaika\" \/>\n\t<meta name=\"twitter:data1\" content=\"4 minuuttia\" \/>\n<script type=\"application\/ld+json\" class=\"yoast-schema-graph\">{\"@context\":\"https:\/\/schema.org\",\"@graph\":[{\"@type\":\"WebPage\",\"@id\":\"https:\/\/fysica.ee\/fi\/myynti-ja-palautusehdot\/\",\"url\":\"https:\/\/fysica.ee\/fi\/myynti-ja-palautusehdot\/\",\"name\":\"Myynti- ja palautusehdot - Fysica O\u00dc - kvaliteetsed k\u00e4sit\u00f6\u00f6r\u00f5ivad\",\"isPartOf\":{\"@id\":\"https:\/\/fysica.ee\/fi\/#website\"},\"datePublished\":\"2024-12-12T13:02:25+00:00\",\"breadcrumb\":{\"@id\":\"https:\/\/fysica.ee\/fi\/myynti-ja-palautusehdot\/#breadcrumb\"},\"inLanguage\":\"fi\",\"potentialAction\":[{\"@type\":\"ReadAction\",\"target\":[\"https:\/\/fysica.ee\/fi\/myynti-ja-palautusehdot\/\"]}]},{\"@type\":\"BreadcrumbList\",\"@id\":\"https:\/\/fysica.ee\/fi\/myynti-ja-palautusehdot\/#breadcrumb\",\"itemListElement\":[{\"@type\":\"ListItem\",\"position\":1,\"name\":\"Home\",\"item\":\"https:\/\/fysica.ee\/fi\/\"},{\"@type\":\"ListItem\",\"position\":2,\"name\":\"Myynti- ja palautusehdot\"}]},{\"@type\":\"WebSite\",\"@id\":\"https:\/\/fysica.ee\/fi\/#website\",\"url\":\"https:\/\/fysica.ee\/fi\/\",\"name\":\"Fysica O\u00dc - kvaliteetsed k\u00e4sit\u00f6\u00f6r\u00f5ivad\",\"description\":\"Fysica O\u00dc - kvaliteetsed k\u00e4sit\u00f6\u00f6r\u00f5ivad\",\"publisher\":{\"@id\":\"https:\/\/fysica.ee\/fi\/#organization\"},\"potentialAction\":[{\"@type\":\"SearchAction\",\"target\":{\"@type\":\"EntryPoint\",\"urlTemplate\":\"https:\/\/fysica.ee\/fi\/?s={search_term_string}\"},\"query-input\":{\"@type\":\"PropertyValueSpecification\",\"valueRequired\":true,\"valueName\":\"search_term_string\"}}],\"inLanguage\":\"fi\"},{\"@type\":\"Organization\",\"@id\":\"https:\/\/fysica.ee\/fi\/#organization\",\"name\":\"Fysica O\u00dc\",\"url\":\"https:\/\/fysica.ee\/fi\/\",\"logo\":{\"@type\":\"ImageObject\",\"inLanguage\":\"fi\",\"@id\":\"https:\/\/fysica.ee\/fi\/#\/schema\/logo\/image\/\",\"url\":\"https:\/\/fysica.ee\/wp-content\/uploads\/2024\/11\/Fysica-logo.png\",\"contentUrl\":\"https:\/\/fysica.ee\/wp-content\/uploads\/2024\/11\/Fysica-logo.png\",\"width\":390,\"height\":300,\"caption\":\"Fysica O\u00dc\"},\"image\":{\"@id\":\"https:\/\/fysica.ee\/fi\/#\/schema\/logo\/image\/\"}}]}<\/script>\n<!-- \/ Yoast SEO plugin. -->","yoast_head_json":{"title":"Myynti- ja palautusehdot - Fysica O\u00dc - kvaliteetsed k\u00e4sit\u00f6\u00f6r\u00f5ivad","robots":{"index":"index","follow":"follow","max-snippet":"max-snippet:-1","max-image-preview":"max-image-preview:large","max-video-preview":"max-video-preview:-1"},"canonical":"https:\/\/fysica.ee\/fi\/myynti-ja-palautusehdot\/","og_locale":"fi_FI","og_type":"article","og_title":"Myynti- ja palautusehdot - Fysica O\u00dc - kvaliteetsed k\u00e4sit\u00f6\u00f6r\u00f5ivad","og_description":"Verkkokaupan https:\/\/fysica.ee (j\u00e4ljemp\u00e4n\u00e4 Verkkokauppa) omistaja on Fysica O\u00dc (rekisterinumero 16717941), joka sijaitsee osoitteessa Kivi tn 4a-13, Vasalemma alevik, L\u00e4\u00e4ne-Harjun kunta, [&hellip;]","og_url":"https:\/\/fysica.ee\/fi\/myynti-ja-palautusehdot\/","og_site_name":"Fysica O\u00dc - kvaliteetsed k\u00e4sit\u00f6\u00f6r\u00f5ivad","twitter_card":"summary_large_image","twitter_misc":{"Arvioitu lukuaika":"4 minuuttia"},"schema":{"@context":"https:\/\/schema.org","@graph":[{"@type":"WebPage","@id":"https:\/\/fysica.ee\/fi\/myynti-ja-palautusehdot\/","url":"https:\/\/fysica.ee\/fi\/myynti-ja-palautusehdot\/","name":"Myynti- ja palautusehdot - Fysica O\u00dc - kvaliteetsed k\u00e4sit\u00f6\u00f6r\u00f5ivad","isPartOf":{"@id":"https:\/\/fysica.ee\/fi\/#website"},"datePublished":"2024-12-12T13:02:25+00:00","breadcrumb":{"@id":"https:\/\/fysica.ee\/fi\/myynti-ja-palautusehdot\/#breadcrumb"},"inLanguage":"fi","potentialAction":[{"@type":"ReadAction","target":["https:\/\/fysica.ee\/fi\/myynti-ja-palautusehdot\/"]}]},{"@type":"BreadcrumbList","@id":"https:\/\/fysica.ee\/fi\/myynti-ja-palautusehdot\/#breadcrumb","itemListElement":[{"@type":"ListItem","position":1,"name":"Home","item":"https:\/\/fysica.ee\/fi\/"},{"@type":"ListItem","position":2,"name":"Myynti- ja palautusehdot"}]},{"@type":"WebSite","@id":"https:\/\/fysica.ee\/fi\/#website","url":"https:\/\/fysica.ee\/fi\/","name":"Fysica O\u00dc - kvaliteetsed k\u00e4sit\u00f6\u00f6r\u00f5ivad","description":"Fysica O\u00dc - kvaliteetsed k\u00e4sit\u00f6\u00f6r\u00f5ivad","publisher":{"@id":"https:\/\/fysica.ee\/fi\/#organization"},"potentialAction":[{"@type":"SearchAction","target":{"@type":"EntryPoint","urlTemplate":"https:\/\/fysica.ee\/fi\/?s={search_term_string}"},"query-input":{"@type":"PropertyValueSpecification","valueRequired":true,"valueName":"search_term_string"}}],"inLanguage":"fi"},{"@type":"Organization","@id":"https:\/\/fysica.ee\/fi\/#organization","name":"Fysica O\u00dc","url":"https:\/\/fysica.ee\/fi\/","logo":{"@type":"ImageObject","inLanguage":"fi","@id":"https:\/\/fysica.ee\/fi\/#\/schema\/logo\/image\/","url":"https:\/\/fysica.ee\/wp-content\/uploads\/2024\/11\/Fysica-logo.png","contentUrl":"https:\/\/fysica.ee\/wp-content\/uploads\/2024\/11\/Fysica-logo.png","width":390,"height":300,"caption":"Fysica O\u00dc"},"image":{"@id":"https:\/\/fysica.ee\/fi\/#\/schema\/logo\/image\/"}}]}},"_links":{"self":[{"href":"https:\/\/fysica.ee\/fi\/wp-json\/wp\/v2\/pages\/1760","targetHints":{"allow":["GET"]}}],"collection":[{"href":"https:\/\/fysica.ee\/fi\/wp-json\/wp\/v2\/pages"}],"about":[{"href":"https:\/\/fysica.ee\/fi\/wp-json\/wp\/v2\/types\/page"}],"author":[{"embeddable":true,"href":"https:\/\/fysica.ee\/fi\/wp-json\/wp\/v2\/users\/1"}],"replies":[{"embeddable":true,"href":"https:\/\/fysica.ee\/fi\/wp-json\/wp\/v2\/comments?post=1760"}],"version-history":[{"count":0,"href":"https:\/\/fysica.ee\/fi\/wp-json\/wp\/v2\/pages\/1760\/revisions"}],"wp:attachment":[{"href":"https:\/\/fysica.ee\/fi\/wp-json\/wp\/v2\/media?parent=1760"}],"curies":[{"name":"wp","href":"https:\/\/api.w.org\/{rel}","templated":true}]}}