{"id":1772,"date":"2024-11-19T15:17:37","date_gmt":"2024-11-19T15:17:37","guid":{"rendered":"https:\/\/fysica.ee\/tietosuojakaytanto\/"},"modified":"2024-11-19T15:17:37","modified_gmt":"2024-11-19T15:17:37","slug":"tietosuojakaytanto","status":"publish","type":"page","link":"https:\/\/fysica.ee\/fi\/tietosuojakaytanto\/","title":{"rendered":"Tietosuojak\u00e4yt\u00e4nt\u00f6"},"content":{"rendered":"<p>Ev\u00e4ste- ja tietosuojak\u00e4yt\u00e4nt\u00f6ilmoitus<\/p>\n<p>T\u00e4m\u00e4 ev\u00e4ste- ja tietosuojak\u00e4yt\u00e4nt\u00f6ilmoitus (j\u00e4ljemp\u00e4n\u00e4 Ilmoitus) sis\u00e4lt\u00e4\u00e4 hy\u00f6dyllist\u00e4 tietoa siit\u00e4, miten ja mihin tarkoitukseen Fysica O\u00dc ker\u00e4\u00e4, k\u00e4sittelee ja jakaa henkil\u00f6tietoja (dataa). Tietosuojak\u00e4yt\u00e4nt\u00f6 perustuu yleiseen tietosuoja-asetukseen (GDPR).<\/p>\n<p>Tietosuojak\u00e4yt\u00e4nn\u00f6n tarkoituksena on suojata asiakkaiden yksityisyytt\u00e4 Viron tasavallan lakien ja Euroopan unionin lains\u00e4\u00e4d\u00e4nn\u00f6n mukaisesti.<\/p>\n<p>&#8221;Henkil\u00f6tiedoilla&#8221; tarkoitetaan kaikkia tunnistettua tai tunnistettavissa olevaa luonnollista henkil\u00f6\u00e4 koskevia tietoja, kuten nimi, osoite, s\u00e4hk\u00f6postiosoite sek\u00e4 tietoja verkkosivustomme, sosiaalisen median kanavien ja palveluidemme k\u00e4yt\u00f6st\u00e4.<\/p>\n<p>K\u00e4ytt\u00e4m\u00e4ll\u00e4 verkkosivustoamme hyv\u00e4ksyt ev\u00e4steiden k\u00e4yt\u00f6n ja henkil\u00f6tietojen k\u00e4sittelyehdot, jotka on kuvattu ev\u00e4ste- ja tietosuojak\u00e4yt\u00e4nn\u00f6ss\u00e4mme.<\/p>\n<p>Voimassa alkaen 01.06.2018<\/p>\n<p>Kenen tietoja Fysica O\u00dc k\u00e4sittelee?<\/p>\n<p>Fysica O\u00dc on henkil\u00f6tietojen rekisterinpit\u00e4j\u00e4, ja jos sinulla on kysytt\u00e4v\u00e4\u00e4, kirjoita osoitteeseen info@physica.ee<\/p>\n<p>Fysica O\u00dc k\u00e4sittelee asiakkaidensa ja yhteyshenkil\u00f6idens\u00e4 tietoja, jotka ovat ilmaisseet halunsa k\u00e4ytt\u00e4\u00e4 palveluitamme tai ovat aiemmin k\u00e4ytt\u00e4neet palveluitamme.<\/p>\n<p>Tietyiss\u00e4 tapauksissa k\u00e4sittelemme henkil\u00f6tietoja, jotka ovat saatavilla julkisista l\u00e4hteist\u00e4.<\/p>\n<p>Asiakkaiden henkil\u00f6tietojen (tiedot) k\u00e4sittelyn tarkoitukset ja oikeusperusteet<br \/>\nK\u00e4sittelemme markkinointikanaviemme vapaaehtoisten k\u00e4ytt\u00e4jien sek\u00e4 palveluiden k\u00e4ytt\u00e4jien ja asiakkaiden (mukaan lukien asiakkaiden edustajat) henkil\u00f6tietoja voidaksemme t\u00e4ytt\u00e4\u00e4 sopimusvelvoitteemme sek\u00e4 tarjota potentiaalisille asiakkaille laadukkaampaa palvelua ja tietoa.<\/p>\n<p>Jos Fysica O\u00dc k\u00e4sittelee henkil\u00f6tietoja n\u00e4ihin tarkoituksiin, k\u00e4sittelyn oikeusperuste on oikeutettu etumme varmistaa palveluidemme oikea ja laadukas tarjoaminen.<\/p>\n<p>Ker\u00e4\u00e4mme tietoja Fysica O\u00dc:n markkinointikanavista (mukaan lukien verkkosivusto) niiden k\u00e4yt\u00f6st\u00e4 ja potentiaalisten asiakkaiden kiinnostuksen kohteista ymm\u00e4rt\u00e4\u00e4ksemme paremmin asiakkaidemme todellisia kiinnostuksen kohteita, tarjotaksemme laadukkaampaa tietoa sek\u00e4 parantaaksemme verkkosivuston toimivuutta ja k\u00e4ytt\u00e4j\u00e4yst\u00e4v\u00e4llisyytt\u00e4.<\/p>\n<p>T\u00e4ss\u00e4 tapauksessa k\u00e4sittelyn oikeusperuste on oikeutettu etumme ymm\u00e4rt\u00e4\u00e4 asiakkaiden tarpeita paremmin ja tarjota parempaa palvelua.<\/p>\n<p>Esimerkiksi Fysica O\u00dc k\u00e4sittelee tietoja asiakkaiden ostok\u00e4ytt\u00e4ytymisest\u00e4, uutiskirjeiden lukemisesta ja avaamisesta sek\u00e4 mainosten avaamisesta voidakseen tarjota asiakkaalle heid\u00e4n haluamiaan tarjouksia ja sis\u00e4lt\u00f6\u00e4.<\/p>\n<p>Fysica O\u00dc k\u00e4sittelee henkil\u00f6tietoja seuraaviin tarkoituksiin:<\/p>\n<p>Fysica O\u00dc:n asiakaskunnan luominen ja hallinnointi;<\/p>\n<p>Uusien palveluiden tarjoaminen asiakkaalle;<\/p>\n<p>Fysica O\u00dc:n palveluiden analysointi ja parantaminen;<\/p>\n<p>Verkkosivuston hallinnointi;<\/p>\n<p>Lakis\u00e4\u00e4teisten vaatimusten t\u00e4ytt\u00e4minen;<\/p>\n<p>Asiakaskyselyihin vastaaminen;<\/p>\n<p>Todisteiden ja suositusten my\u00f6nt\u00e4minen.<\/p>\n<p>Ker\u00e4\u00e4mme henkil\u00f6tietoja yleens\u00e4 suoraan rekister\u00f6idyilt\u00e4 itselt\u00e4\u00e4n ja heid\u00e4n suostumuksellaan. Lis\u00e4ksi k\u00e4yt\u00e4mme automaattisia tiedonkeruuty\u00f6kaluja, kuten ev\u00e4steit\u00e4 ja muita seurantaty\u00f6kaluja, verkkosivustomme k\u00e4ytt\u00f6kokemuksen optimoimiseksi ja parempien palveluiden tarjoamiseksi asiakkaille.<\/p>\n<p>Ev\u00e4steet ja pikselitunnisteet ja niiden poistaminen<\/p>\n<p>Ev\u00e4ste on pieni tekstitiedosto, jonka verkkopalvelin l\u00e4hett\u00e4\u00e4 k\u00e4ytt\u00e4j\u00e4n verkkoselaimeen ja joka tallennetaan k\u00e4ytt\u00e4j\u00e4n tietokoneen kiintolevylle. Sen avulla k\u00e4ytt\u00e4j\u00e4 voi muistaa asetuksia, kuten fonttikokoa, viestint\u00e4kielt\u00e4, laitetietoja, vierailutilastoja jne.<\/p>\n<p>Kaikki verkkoselaimet on asetettu sallimaan ev\u00e4steet oletusarvoisesti, mutta verkkoselaimen asetuksia voidaan yleens\u00e4 muuttaa siten, ett\u00e4 verkkoselain kielt\u00e4ytyy ev\u00e4steist\u00e4 kokonaan, est\u00e4\u00e4 kolmannen osapuolen ev\u00e4steet tai ilmoittaa k\u00e4ytt\u00e4j\u00e4lle jokaisesta l\u00e4hetetyst\u00e4 ev\u00e4steest\u00e4.<\/p>\n<p>Pikselitunnisteet ovat pieni\u00e4 verkkosivustokoodin osia, joiden avulla verkkosivustot voivat lukea ja asentaa ev\u00e4steit\u00e4. Ne aktivoituvat, kun k\u00e4ytt\u00e4j\u00e4 avaa s\u00e4hk\u00f6postin tai saapuu verkkosivustolle, mink\u00e4 j\u00e4lkeen kolmannen osapuolen ev\u00e4steet ladataan tai rekister\u00f6id\u00e4\u00e4n, ett\u00e4 k\u00e4ytt\u00e4j\u00e4 on avannut s\u00e4hk\u00f6postin.<\/p>\n<p>Fysica O\u00dc k\u00e4ytt\u00e4\u00e4 seuraavia ev\u00e4steit\u00e4:<\/p>\n<p>Istunnon ev\u00e4steet (v\u00e4liaikaiset ev\u00e4steet), joiden tarkoituksena on mahdollistaa palvelun k\u00e4ytt\u00f6. Pysyv\u00e4t ev\u00e4steet (tallennetaan k\u00e4ytt\u00e4j\u00e4n tietokoneelle verkkoselaimen sulkemisen j\u00e4lkeen), joiden tarkoituksena on muistaa asiakkaan valinnat Fysica O\u00dc:n verkkosivustoilla.<br \/>\nTarkemmin sanottuna Fysica O\u00dc k\u00e4ytt\u00e4\u00e4:<\/p>\n<p>analyyttisi\u00e4 ev\u00e4steit\u00e4, jotka ker\u00e4\u00e4v\u00e4t tietoa verkkosivuston k\u00e4yt\u00f6st\u00e4. Esimerkiksi, mill\u00e4 sis\u00e4lt\u00f6sivuilla k\u00e4yd\u00e4\u00e4n eniten tai mit\u00e4 k\u00e4vij\u00e4t hakevat verkkosivustolta jne. N\u00e4m\u00e4 ev\u00e4steet eiv\u00e4t ker\u00e4\u00e4 tietoja, joiden avulla verkkosivuston k\u00e4ytt\u00e4j\u00e4 voitaisiin tunnistaa suoraan. N\u00e4ihin kuuluvat esimerkiksi Google Analyticsin ja Hotjarin ev\u00e4steet.<br \/>\nmainosev\u00e4steit\u00e4, jotka auttavat tarjoamaan k\u00e4ytt\u00e4j\u00e4n kiinnostuksen kohteisiin kohdistettuja mainoksia. Esimerkiksi Fysica.ee-sivulle on lis\u00e4tty Facebook Pixel -koodi, ja jos et en\u00e4\u00e4 halua n\u00e4hd\u00e4 Fysica O\u00dc:n verkkosivuston mainosta Facebookissa, voit poistaa sen k\u00e4yt\u00f6st\u00e4. Avaa https:\/\/www.facebook.com\/ads\/preferences ja poista Fysica &#8221;Mainostajat, joiden kanssa olet ollut vuorovaikutuksessa&#8221; -vaihtoehdosta.<br \/>\nkolmannen osapuolen ev\u00e4steit\u00e4, kuten Youtube ja Google Maps. Sijaintikarttaa ja videoita ei n\u00e4ytet\u00e4, ellet ole hyv\u00e4ksynyt tietosuojaehtoja. Jotta t\u00e4m\u00e4 olisi teknisesti mahdollista, k\u00e4yt\u00e4mme Avada Designin luomaa privacy_embeds-ev\u00e4stett\u00e4.<\/p>\n<p>K\u00e4ytt\u00e4j\u00e4ll\u00e4 on oikeus kielt\u00e4\u00e4 ev\u00e4steiden tallentuminen tietokoneelleen. K\u00e4ytt\u00e4j\u00e4n on halutessaan muutettava selaimensa asetuksia.<\/p>\n<p>Yleisimmin k\u00e4ytettyjen verkkoselainten konfigurointiohjeet:<\/p>\n<p>Internet Explorer: http:\/\/support.microsoft.com\/kb\/278835<\/p>\n<p>Chrome: https:\/\/support.google.com\/chrome\/answer\/95647?hl=en<\/p>\n<p>Firefox: http:\/\/support.mozilla.org\/en-US\/kb\/Clear%20Recent%20History<\/p>\n<p>Opera: http:\/\/www.opera.com\/browser\/tutorials\/security\/privacy<\/p>\n<p>Safari: https:\/\/support.apple.com\/guide\/safari\/manage-cookies-and-website-data-sfri11471\/mac<\/p>\n<p>Ev\u00e4steit\u00e4 est\u00e4ess\u00e4\u00e4n k\u00e4ytt\u00e4j\u00e4n on otettava huomioon, ett\u00e4 kaikki verkkosivuston toiminnot eiv\u00e4t v\u00e4ltt\u00e4m\u00e4tt\u00e4 ole en\u00e4\u00e4 k\u00e4ytt\u00e4j\u00e4n k\u00e4ytett\u00e4viss\u00e4.<\/p>\n<p>Fysica O\u00dc:n k\u00e4sittelem\u00e4t henkil\u00f6tiedot (mukaan lukien tiedot)<br \/>\nFysica O\u00dc voi k\u00e4sitell\u00e4 seuraavia henkil\u00f6tietoja (mukaan lukien tiedot):<\/p>\n<p>yhteystiedot \u2013 nimi, s\u00e4hk\u00f6postiosoite ja puhelinnumero<\/p>\n<p>sopimuksen t\u00e4yt\u00e4nt\u00f6\u00f6npanon aikana ker\u00e4tyt ja syntyv\u00e4t tiedot \u2013 henkil\u00f6tunnus, asiakkaan mieltymykset Fysica O\u00dc:n palveluita ja tuotteita kohtaan, palaute palveluistamme, tiedot asiakkaan ty\u00f6st\u00e4, liiketoimintaprosesseista tai opiskelutottumuksista ja -mieltymyksist\u00e4.<\/p>\n<p>automaattisesti ker\u00e4tyt tiedot \u2013 k\u00e4ytt\u00e4j\u00e4n verkkoselaimesta saadut tiedot, mukaan lukien selaimen tyyppi, laitetyyppi, viestint\u00e4kieli, verkkosivuston osoite, jolta k\u00e4ytt\u00e4j\u00e4 saapui, mit\u00e4 sis\u00e4lt\u00f6sivuja on katsottu, sek\u00e4 k\u00e4ytt\u00e4j\u00e4n IP-osoite ja muut liikennetiedot.<\/p>\n<p>k\u00e4ytt\u00e4j\u00e4n toimet Fysica O\u00dc:n s\u00e4hk\u00f6posteihin liittyen \u2013 mukaan lukien tiedot siit\u00e4, mit\u00e4 s\u00e4hk\u00f6posteja ja milloin ja miten k\u00e4ytt\u00e4j\u00e4 on avannut ne.<\/p>\n<p>muut henkil\u00f6tiedot \u2013 jotka olet asettanut julkisesti saataville tai jotka ovat meille saatavilla kolmansien osapuolten sosiaalisissa verkostoissa, kuten LinkedIn, Facebook, Google Plus, Instagram jne.<\/p>\n<p>Fysica O\u00dc ei k\u00e4sittele erityisi\u00e4 henkil\u00f6tietoryhmi\u00e4 rekisterinpit\u00e4j\u00e4n\u00e4.<\/p>\n<p>Henkil\u00f6tietojen jakaminen<br \/>\nFysica O\u00dc ei siirr\u00e4 asiakastietoja Euroopan (EU) talousalueen ulkopuolelle.<\/p>\n<p>Fysica O\u00dc ei jaa asiakastietoja kolmansille osapuolille paitsi alla luetelluissa olosuhteissa. Kaikkia tietoja k\u00e4ytet\u00e4\u00e4n ainoastaan viestint\u00e4\u00e4n ja paremman tuotteen tai palvelun tarjoamiseen.<\/p>\n<p>Saatamme jakaa henkil\u00f6tietojasi seuraavissa tapauksissa:<\/p>\n<p>Koulutusmateriaalien l\u00e4hett\u00e4minen postitse &#8211; henkil\u00f6ille, laitoksille ja organisaatioille, jotka v\u00e4litt\u00e4v\u00e4t tai tarjoavat postipalveluita.<\/p>\n<p>Perint\u00e4 &#8211; perint\u00e4palveluntarjoajat, maksuh\u00e4iri\u00f6rekisterit.<\/p>\n<p>Valtion valvontaviranomaiset ja poliisi.<\/p>\n<p>Viron ty\u00f6tt\u00f6myysvakuutusrahaston asiakastiedot ty\u00f6tt\u00f6myysvakuutusrahaston koulutuskonsulteille.<\/p>\n<p>Julkinen palaute asiakkaan suostumuksella.<\/p>\n<p>Henkil\u00f6tietojen (tietojen) turvallisuus, k\u00e4ytt\u00f6 ja s\u00e4ilytys<\/p>\n<p>Fysica O\u00dc voi l\u00e4hett\u00e4\u00e4 asiakkaille tietoa palveluistaan, tuotteistaan, uutiskirjeist\u00e4\u00e4n ja tarjouksistaan, jos asiakas on antanut meille yhteystietonsa, mutta t\u00e4m\u00e4 edellytt\u00e4\u00e4, ett\u00e4 asiakas ei ole pyyt\u00e4nyt viimeisimpien toimintojensa lopettamista tai poistunut uutiskirjeen vastaanottajaryhm\u00e4st\u00e4.<\/p>\n<p>6.1. Henkil\u00f6tietojen turvallisuus<\/p>\n<p>Henkil\u00f6tietojen turvallinen s\u00e4ilytys on Fysica O\u00dc:n t\u00e4rkein turvallisuusprioriteetti. Pyrimme kaikin keinoin est\u00e4m\u00e4\u00e4n luvattoman p\u00e4\u00e4syn tietoihin, niiden paljastamisen ja muun laittoman k\u00e4sittelyn. Suojaamme henkil\u00f6tietojen luottamuksellisuutta ja eheytt\u00e4 ja varmistamme p\u00e4\u00e4syn tietoihin sovellettavan lains\u00e4\u00e4d\u00e4nn\u00f6n mukaisesti.<\/p>\n<p>Olemme ottaneet k\u00e4ytt\u00f6\u00f6n kohtuulliset ja riitt\u00e4v\u00e4t organisatoriset toimenpiteet sek\u00e4 tekniset ja fyysiset rajoitukset suojaamaan ker\u00e4\u00e4mi\u00e4mme ja k\u00e4sittelemi\u00e4mme henkil\u00f6tietoja. K\u00e4ytetyt toimenpiteet riippuvat henkil\u00f6tietojen tyypist\u00e4 ja niiden paljastamisen mahdollisista seurauksista.<\/p>\n<p>Fysica O\u00dc on toteuttanut tarvittavat tekniset, fyysiset ja organisatoriset turvatoimenpiteet suojatakseen asiakkaan henkil\u00f6tietoja katoamiselta ja laittomalta k\u00e4sittelylt\u00e4.<\/p>\n<p>6.2. S\u00e4ilytysaika \u2013 kuinka kauan s\u00e4ilyt\u00e4mme henkil\u00f6tietoja?<\/p>\n<p>Fysica O\u00dc s\u00e4ilytt\u00e4\u00e4 henkil\u00f6tietoja vain niin kauan kuin on tarpeen niiden ker\u00e4\u00e4mistarkoituksen saavuttamiseksi. S\u00e4ilytysaika riippuu my\u00f6s tarpeesta vastata rekister\u00f6ityjen tiedusteluihin, ratkaista ongelmia ja noudattaa asiakirjojen s\u00e4ilytt\u00e4mist\u00e4 koskevia lakis\u00e4\u00e4teisi\u00e4 vaatimuksia.<\/p>\n<p>Jos emme en\u00e4\u00e4 tarvitse henkil\u00f6tietoja eik\u00e4 lains\u00e4\u00e4d\u00e4nt\u00f6 edellyt\u00e4 niiden s\u00e4ilytt\u00e4mist\u00e4, poistamme kyseiset henkil\u00f6tiedot.<\/p>\n<p>Voimme jatkaa kyseisten tietojen k\u00e4ytt\u00f6\u00e4 tilastollisiin tarkoituksiin, mutta vain pseudonymisoidussa tai anonymisoidussa muodossa.<\/p>\n<p>Jos sinulla on pieninkin kysymys, kirjoita osoitteeseen info@physica.ee<\/p>\n<p>Asiakkaan (rekister\u00f6idyn) oikeudet<br \/>\nAsiakkaalla on oikeus tutustua Fysica O\u00dc:n k\u00e4sittelemiin omiin henkil\u00f6tietoihinsa ja oikeus pyyt\u00e4\u00e4 virheellisten henkil\u00f6tietojen korjaamista.<\/p>\n<p>Jos asiakkaalla on kysytt\u00e4v\u00e4\u00e4 oikeuksistaan tai h\u00e4n katsoo, ett\u00e4 Fysica O\u00dc on loukannut h\u00e4nen oikeuksiaan k\u00e4sitelless\u00e4\u00e4n h\u00e4nen henkil\u00f6tietojaan, h\u00e4nen tulee ehdottomasti ottaa yhteytt\u00e4 s\u00e4hk\u00f6postiosoitteeseen info@physica.ee.<\/p>\n<p>Jos et halua vastaanottaa Fysica O\u00dc:lt\u00e4 markkinointiviestej\u00e4, voit kielt\u00e4yty\u00e4 niiden vastaanottamisesta noudattamalla kunkin markkinointiviestin alatunnisteessa olevia kielt\u00e4ytymisohjeita tai ottamalla meihin yhteytt\u00e4 yhteydenottosivumme kautta.<\/p>\n<p>Rekister\u00f6idyn oikeudet<\/p>\n<p>Oikeus oikaisuun \u2013 rekister\u00f6idyll\u00e4 on oikeus pyyt\u00e4\u00e4 h\u00e4nt\u00e4 koskevien virheellisten henkil\u00f6tietojen oikaisemista ilman aiheetonta viivytyst\u00e4.<\/p>\n<p>Oikeus tietojen poistamiseen \u2013 rekister\u00f6idyll\u00e4 on oikeus pyyt\u00e4\u00e4 henkil\u00f6tietojensa poistamista ilman aiheetonta viivytyst\u00e4, jos tietyt lis\u00e4edellytykset t\u00e4yttyv\u00e4t.<\/p>\n<p>Tietyiss\u00e4 tapauksissa rekister\u00f6idyll\u00e4 on oikeus rajoittaa henkil\u00f6tietojensa k\u00e4sittely\u00e4.<\/p>\n<p>Rekister\u00f6idyll\u00e4 on oikeus tutustua h\u00e4nest\u00e4 tallentamiimme henkil\u00f6tietoihin ja siihen, mit\u00e4 h\u00e4n on meille toimittanut, sek\u00e4 oikeus siirt\u00e4\u00e4 n\u00e4m\u00e4 tiedot toiselle rekisterinpit\u00e4j\u00e4lle, jos se on teknisesti mahdollista ja k\u00e4sittely suoritetaan suostumuksen tai sopimuksen perusteella ja automatisoidusti.<\/p>\n<p>Rekister\u00f6idyll\u00e4 on oikeus henkil\u00f6kohtaiseen erityiseen tilanteeseensa liittyv\u00e4ll\u00e4 perusteella milloin tahansa vastustaa henkil\u00f6tietojensa k\u00e4sittely\u00e4, jota suoritetaan lain sovellettavien s\u00e4\u00e4nn\u00f6sten nojalla, mukaan lukien n\u00e4ihin s\u00e4\u00e4nn\u00f6ksiin perustuvaa profilointia.<\/p>\n<p>Ellei laissa toisin s\u00e4\u00e4det\u00e4, rekister\u00f6idyll\u00e4 on oikeus olla joutumatta sellaisen yksinomaan automaattiseen k\u00e4sittelyyn, mukaan lukien profilointiin, perustuvan p\u00e4\u00e4t\u00f6ksen kohteeksi, jolla on h\u00e4nelle oikeusvaikutuksia tai joka vaikuttaa h\u00e4neen merkitt\u00e4v\u00e4sti.<\/p>\n<p>Jos henkil\u00f6tietojen k\u00e4sittely perustuu rekister\u00f6idyn suostumukseen, rekister\u00f6idyll\u00e4 on oikeus peruuttaa t\u00e4m\u00e4 suostumus milloin tahansa, t\u00e4m\u00e4n vaikuttamatta suostumuksen perusteella ennen sen peruuttamista suoritetun k\u00e4sittelyn laillisuuteen.<\/p>\n<p>Jos haluat k\u00e4ytt\u00e4\u00e4 n\u00e4it\u00e4 oikeuksiasi, ota meihin yhteytt\u00e4.<\/p>\n<p>Jos Fysica O\u00dc:n tarjoama ratkaisu ei tyydyt\u00e4 sinua, sinulla on oikeus ottaa yhteytt\u00e4 Viron tasavallan tietosuojavaltuutettuun ja tuomioistuimeen.<\/p>\n<p>Muut m\u00e4\u00e4r\u00e4ykset<br \/>\nFysica O\u00dc pid\u00e4tt\u00e4\u00e4 oikeuden muuttaa yksipuolisesti ev\u00e4steiden k\u00e4ytt\u00f6- ja tietosuojak\u00e4yt\u00e4nt\u00f6\u00e4. Ev\u00e4stek\u00e4yt\u00e4nt\u00f6jen uusin versio on aina saatavilla t\u00e4ll\u00e4 verkkosivustolla.<\/p>\n<p>T\u00e4h\u00e4n ev\u00e4steiden k\u00e4ytt\u00f6- ja tietosuojak\u00e4yt\u00e4nt\u00f6\u00f6n sovelletaan Viron tasavallan lakia. K\u00e4yt\u00e4nn\u00f6st\u00e4 johtuvat riidat tai vaatimukset ratkaistaan Harjun k\u00e4r\u00e4j\u00e4oikeudessa.<\/p>\n","protected":false},"excerpt":{"rendered":"<p>Ev\u00e4ste- ja tietosuojak\u00e4yt\u00e4nt\u00f6ilmoitus T\u00e4m\u00e4 ev\u00e4ste- ja tietosuojak\u00e4yt\u00e4nt\u00f6ilmoitus (j\u00e4ljemp\u00e4n\u00e4 Ilmoitus) sis\u00e4lt\u00e4\u00e4 hy\u00f6dyllist\u00e4 tietoa siit\u00e4, miten ja mihin tarkoitukseen Fysica O\u00dc ker\u00e4\u00e4, [&hellip;]<\/p>\n","protected":false},"author":1,"featured_media":0,"parent":0,"menu_order":0,"comment_status":"closed","ping_status":"closed","template":"","meta":{"site-sidebar-layout":"default","site-content-layout":"","ast-site-content-layout":"default","site-content-style":"default","site-sidebar-style":"default","ast-global-header-display":"","ast-banner-title-visibility":"","ast-main-header-display":"","ast-hfb-above-header-display":"","ast-hfb-below-header-display":"","ast-hfb-mobile-header-display":"","site-post-title":"","ast-breadcrumbs-content":"","ast-featured-img":"","footer-sml-layout":"","theme-transparent-header-meta":"default","adv-header-id-meta":"","stick-header-meta":"","header-above-stick-meta":"","header-main-stick-meta":"","header-below-stick-meta":"","astra-migrate-meta-layouts":"default","ast-page-background-enabled":"default","ast-page-background-meta":{"desktop":{"background-color":"var(--ast-global-color-4)","background-image":"","background-repeat":"repeat","background-position":"center center","background-size":"auto","background-attachment":"scroll","background-type":"","background-media":"","overlay-type":"","overlay-color":"","overlay-opacity":"","overlay-gradient":""},"tablet":{"background-color":"","background-image":"","background-repeat":"repeat","background-position":"center center","background-size":"auto","background-attachment":"scroll","background-type":"","background-media":"","overlay-type":"","overlay-color":"","overlay-opacity":"","overlay-gradient":""},"mobile":{"background-color":"","background-image":"","background-repeat":"repeat","background-position":"center center","background-size":"auto","background-attachment":"scroll","background-type":"","background-media":"","overlay-type":"","overlay-color":"","overlay-opacity":"","overlay-gradient":""}},"ast-content-background-meta":{"desktop":{"background-color":"var(--ast-global-color-5)","background-image":"","background-repeat":"repeat","background-position":"center center","background-size":"auto","background-attachment":"scroll","background-type":"","background-media":"","overlay-type":"","overlay-color":"","overlay-opacity":"","overlay-gradient":""},"tablet":{"background-color":"var(--ast-global-color-5)","background-image":"","background-repeat":"repeat","background-position":"center center","background-size":"auto","background-attachment":"scroll","background-type":"","background-media":"","overlay-type":"","overlay-color":"","overlay-opacity":"","overlay-gradient":""},"mobile":{"background-color":"var(--ast-global-color-5)","background-image":"","background-repeat":"repeat","background-position":"center center","background-size":"auto","background-attachment":"scroll","background-type":"","background-media":"","overlay-type":"","overlay-color":"","overlay-opacity":"","overlay-gradient":""}},"footnotes":""},"class_list":["post-1772","page","type-page","status-publish","hentry"],"yoast_head":"<!-- This site is optimized with the Yoast SEO plugin v25.7 - https:\/\/yoast.com\/wordpress\/plugins\/seo\/ -->\n<title>Tietosuojak\u00e4yt\u00e4nt\u00f6 - Fysica O\u00dc - kvaliteetsed k\u00e4sit\u00f6\u00f6r\u00f5ivad<\/title>\n<meta name=\"robots\" content=\"index, follow, max-snippet:-1, max-image-preview:large, max-video-preview:-1\" \/>\n<link rel=\"canonical\" href=\"https:\/\/fysica.ee\/fi\/tietosuojakaytanto\/\" \/>\n<meta property=\"og:locale\" content=\"fi_FI\" \/>\n<meta property=\"og:type\" content=\"article\" \/>\n<meta property=\"og:title\" content=\"Tietosuojak\u00e4yt\u00e4nt\u00f6 - Fysica O\u00dc - kvaliteetsed k\u00e4sit\u00f6\u00f6r\u00f5ivad\" \/>\n<meta property=\"og:description\" content=\"Ev\u00e4ste- ja tietosuojak\u00e4yt\u00e4nt\u00f6ilmoitus T\u00e4m\u00e4 ev\u00e4ste- ja tietosuojak\u00e4yt\u00e4nt\u00f6ilmoitus (j\u00e4ljemp\u00e4n\u00e4 Ilmoitus) sis\u00e4lt\u00e4\u00e4 hy\u00f6dyllist\u00e4 tietoa siit\u00e4, miten ja mihin tarkoitukseen Fysica O\u00dc ker\u00e4\u00e4, [&hellip;]\" \/>\n<meta property=\"og:url\" content=\"https:\/\/fysica.ee\/fi\/tietosuojakaytanto\/\" \/>\n<meta property=\"og:site_name\" content=\"Fysica O\u00dc - kvaliteetsed k\u00e4sit\u00f6\u00f6r\u00f5ivad\" \/>\n<meta name=\"twitter:card\" content=\"summary_large_image\" \/>\n<meta name=\"twitter:label1\" content=\"Arvioitu lukuaika\" \/>\n\t<meta name=\"twitter:data1\" content=\"9 minuuttia\" \/>\n<script type=\"application\/ld+json\" class=\"yoast-schema-graph\">{\"@context\":\"https:\/\/schema.org\",\"@graph\":[{\"@type\":\"WebPage\",\"@id\":\"https:\/\/fysica.ee\/fi\/tietosuojakaytanto\/\",\"url\":\"https:\/\/fysica.ee\/fi\/tietosuojakaytanto\/\",\"name\":\"Tietosuojak\u00e4yt\u00e4nt\u00f6 - Fysica O\u00dc - kvaliteetsed k\u00e4sit\u00f6\u00f6r\u00f5ivad\",\"isPartOf\":{\"@id\":\"https:\/\/fysica.ee\/fi\/#website\"},\"datePublished\":\"2024-11-19T15:17:37+00:00\",\"breadcrumb\":{\"@id\":\"https:\/\/fysica.ee\/fi\/tietosuojakaytanto\/#breadcrumb\"},\"inLanguage\":\"fi\",\"potentialAction\":[{\"@type\":\"ReadAction\",\"target\":[\"https:\/\/fysica.ee\/fi\/tietosuojakaytanto\/\"]}]},{\"@type\":\"BreadcrumbList\",\"@id\":\"https:\/\/fysica.ee\/fi\/tietosuojakaytanto\/#breadcrumb\",\"itemListElement\":[{\"@type\":\"ListItem\",\"position\":1,\"name\":\"Home\",\"item\":\"https:\/\/fysica.ee\/fi\/\"},{\"@type\":\"ListItem\",\"position\":2,\"name\":\"Tietosuojak\u00e4yt\u00e4nt\u00f6\"}]},{\"@type\":\"WebSite\",\"@id\":\"https:\/\/fysica.ee\/fi\/#website\",\"url\":\"https:\/\/fysica.ee\/fi\/\",\"name\":\"Fysica O\u00dc - kvaliteetsed k\u00e4sit\u00f6\u00f6r\u00f5ivad\",\"description\":\"Fysica O\u00dc - kvaliteetsed k\u00e4sit\u00f6\u00f6r\u00f5ivad\",\"publisher\":{\"@id\":\"https:\/\/fysica.ee\/fi\/#organization\"},\"potentialAction\":[{\"@type\":\"SearchAction\",\"target\":{\"@type\":\"EntryPoint\",\"urlTemplate\":\"https:\/\/fysica.ee\/fi\/?s={search_term_string}\"},\"query-input\":{\"@type\":\"PropertyValueSpecification\",\"valueRequired\":true,\"valueName\":\"search_term_string\"}}],\"inLanguage\":\"fi\"},{\"@type\":\"Organization\",\"@id\":\"https:\/\/fysica.ee\/fi\/#organization\",\"name\":\"Fysica O\u00dc\",\"url\":\"https:\/\/fysica.ee\/fi\/\",\"logo\":{\"@type\":\"ImageObject\",\"inLanguage\":\"fi\",\"@id\":\"https:\/\/fysica.ee\/fi\/#\/schema\/logo\/image\/\",\"url\":\"https:\/\/fysica.ee\/wp-content\/uploads\/2024\/11\/Fysica-logo.png\",\"contentUrl\":\"https:\/\/fysica.ee\/wp-content\/uploads\/2024\/11\/Fysica-logo.png\",\"width\":390,\"height\":300,\"caption\":\"Fysica O\u00dc\"},\"image\":{\"@id\":\"https:\/\/fysica.ee\/fi\/#\/schema\/logo\/image\/\"}}]}<\/script>\n<!-- \/ Yoast SEO plugin. -->","yoast_head_json":{"title":"Tietosuojak\u00e4yt\u00e4nt\u00f6 - Fysica O\u00dc - kvaliteetsed k\u00e4sit\u00f6\u00f6r\u00f5ivad","robots":{"index":"index","follow":"follow","max-snippet":"max-snippet:-1","max-image-preview":"max-image-preview:large","max-video-preview":"max-video-preview:-1"},"canonical":"https:\/\/fysica.ee\/fi\/tietosuojakaytanto\/","og_locale":"fi_FI","og_type":"article","og_title":"Tietosuojak\u00e4yt\u00e4nt\u00f6 - Fysica O\u00dc - kvaliteetsed k\u00e4sit\u00f6\u00f6r\u00f5ivad","og_description":"Ev\u00e4ste- ja tietosuojak\u00e4yt\u00e4nt\u00f6ilmoitus T\u00e4m\u00e4 ev\u00e4ste- ja tietosuojak\u00e4yt\u00e4nt\u00f6ilmoitus (j\u00e4ljemp\u00e4n\u00e4 Ilmoitus) sis\u00e4lt\u00e4\u00e4 hy\u00f6dyllist\u00e4 tietoa siit\u00e4, miten ja mihin tarkoitukseen Fysica O\u00dc ker\u00e4\u00e4, [&hellip;]","og_url":"https:\/\/fysica.ee\/fi\/tietosuojakaytanto\/","og_site_name":"Fysica O\u00dc - kvaliteetsed k\u00e4sit\u00f6\u00f6r\u00f5ivad","twitter_card":"summary_large_image","twitter_misc":{"Arvioitu lukuaika":"9 minuuttia"},"schema":{"@context":"https:\/\/schema.org","@graph":[{"@type":"WebPage","@id":"https:\/\/fysica.ee\/fi\/tietosuojakaytanto\/","url":"https:\/\/fysica.ee\/fi\/tietosuojakaytanto\/","name":"Tietosuojak\u00e4yt\u00e4nt\u00f6 - Fysica O\u00dc - kvaliteetsed k\u00e4sit\u00f6\u00f6r\u00f5ivad","isPartOf":{"@id":"https:\/\/fysica.ee\/fi\/#website"},"datePublished":"2024-11-19T15:17:37+00:00","breadcrumb":{"@id":"https:\/\/fysica.ee\/fi\/tietosuojakaytanto\/#breadcrumb"},"inLanguage":"fi","potentialAction":[{"@type":"ReadAction","target":["https:\/\/fysica.ee\/fi\/tietosuojakaytanto\/"]}]},{"@type":"BreadcrumbList","@id":"https:\/\/fysica.ee\/fi\/tietosuojakaytanto\/#breadcrumb","itemListElement":[{"@type":"ListItem","position":1,"name":"Home","item":"https:\/\/fysica.ee\/fi\/"},{"@type":"ListItem","position":2,"name":"Tietosuojak\u00e4yt\u00e4nt\u00f6"}]},{"@type":"WebSite","@id":"https:\/\/fysica.ee\/fi\/#website","url":"https:\/\/fysica.ee\/fi\/","name":"Fysica O\u00dc - kvaliteetsed k\u00e4sit\u00f6\u00f6r\u00f5ivad","description":"Fysica O\u00dc - kvaliteetsed k\u00e4sit\u00f6\u00f6r\u00f5ivad","publisher":{"@id":"https:\/\/fysica.ee\/fi\/#organization"},"potentialAction":[{"@type":"SearchAction","target":{"@type":"EntryPoint","urlTemplate":"https:\/\/fysica.ee\/fi\/?s={search_term_string}"},"query-input":{"@type":"PropertyValueSpecification","valueRequired":true,"valueName":"search_term_string"}}],"inLanguage":"fi"},{"@type":"Organization","@id":"https:\/\/fysica.ee\/fi\/#organization","name":"Fysica O\u00dc","url":"https:\/\/fysica.ee\/fi\/","logo":{"@type":"ImageObject","inLanguage":"fi","@id":"https:\/\/fysica.ee\/fi\/#\/schema\/logo\/image\/","url":"https:\/\/fysica.ee\/wp-content\/uploads\/2024\/11\/Fysica-logo.png","contentUrl":"https:\/\/fysica.ee\/wp-content\/uploads\/2024\/11\/Fysica-logo.png","width":390,"height":300,"caption":"Fysica O\u00dc"},"image":{"@id":"https:\/\/fysica.ee\/fi\/#\/schema\/logo\/image\/"}}]}},"_links":{"self":[{"href":"https:\/\/fysica.ee\/fi\/wp-json\/wp\/v2\/pages\/1772","targetHints":{"allow":["GET"]}}],"collection":[{"href":"https:\/\/fysica.ee\/fi\/wp-json\/wp\/v2\/pages"}],"about":[{"href":"https:\/\/fysica.ee\/fi\/wp-json\/wp\/v2\/types\/page"}],"author":[{"embeddable":true,"href":"https:\/\/fysica.ee\/fi\/wp-json\/wp\/v2\/users\/1"}],"replies":[{"embeddable":true,"href":"https:\/\/fysica.ee\/fi\/wp-json\/wp\/v2\/comments?post=1772"}],"version-history":[{"count":0,"href":"https:\/\/fysica.ee\/fi\/wp-json\/wp\/v2\/pages\/1772\/revisions"}],"wp:attachment":[{"href":"https:\/\/fysica.ee\/fi\/wp-json\/wp\/v2\/media?parent=1772"}],"curies":[{"name":"wp","href":"https:\/\/api.w.org\/{rel}","templated":true}]}}