{"id":2178,"date":"2025-08-05T11:20:21","date_gmt":"2025-08-05T11:20:21","guid":{"rendered":"https:\/\/fysica.ee\/toode\/kaulakoru-naisille-01991\/"},"modified":"2025-08-05T11:20:21","modified_gmt":"2025-08-05T11:20:21","slug":"kaulakoru-naisille-01991","status":"publish","type":"product","link":"https:\/\/fysica.ee\/fi\/toode\/kaulakoru-naisille-01991\/","title":{"rendered":"Kaulakoru naisille &#8211; 01991"},"content":{"rendered":"<p>Tuotetiedot: Maalattua jadeiittia, sis\u00e4lt\u00e4\u00e4 mustan samettipussin<\/p>\n<p>Jade eli nefriitti on pyh\u00e4 onnenkivi, joka tarjoaa psyykkist\u00e4 suojaa ja puhdistaa energioita. Sill\u00e4 on hyv\u00e4 vaikutus ajatteluun ja tahdonvoimaan. Jade tukee yst\u00e4vyytt\u00e4 ja itsen\u00e4isyytt\u00e4 samanaikaisesti. Se tasapainottaa ja harmonisoi tunteita. Jade on hyv\u00e4ksi kaikille lantion alueen elimille. Valkoinen jade saa energiat liikkumaan positiiviseen suuntaan ja tuo kantajalleen tarvitsemansa tiedon. T\u00e4ll\u00e4 tavoin se kirkastaa p\u00e4\u00e4t\u00e4 ja auttaa p\u00e4\u00e4t\u00f6ksenteossa.<\/p>\n","protected":false},"excerpt":{"rendered":"<p>Tuotetiedot: Maalattua jadeiittia, sis\u00e4lt\u00e4\u00e4 mustan samettipussin Jade eli nefriitti on pyh\u00e4 onnenkivi, joka tarjoaa psyykkist\u00e4 suojaa ja puhdistaa energioita. Sill\u00e4 [&hellip;]<\/p>\n","protected":false},"featured_media":2155,"template":"","meta":{"site-sidebar-layout":"default","site-content-layout":"","ast-site-content-layout":"default","site-content-style":"default","site-sidebar-style":"default","ast-global-header-display":"","ast-banner-title-visibility":"","ast-main-header-display":"","ast-hfb-above-header-display":"","ast-hfb-below-header-display":"","ast-hfb-mobile-header-display":"","site-post-title":"","ast-breadcrumbs-content":"","ast-featured-img":"","footer-sml-layout":"","theme-transparent-header-meta":"default","adv-header-id-meta":"","stick-header-meta":"","header-above-stick-meta":"","header-main-stick-meta":"","header-below-stick-meta":"","astra-migrate-meta-layouts":"default","ast-page-background-enabled":"default","ast-page-background-meta":{"desktop":{"background-color":"var(--ast-global-color-4)","background-image":"","background-repeat":"repeat","background-position":"center center","background-size":"auto","background-attachment":"scroll","background-type":"","background-media":"","overlay-type":"","overlay-color":"","overlay-opacity":"","overlay-gradient":""},"tablet":{"background-color":"","background-image":"","background-repeat":"repeat","background-position":"center center","background-size":"auto","background-attachment":"scroll","background-type":"","background-media":"","overlay-type":"","overlay-color":"","overlay-opacity":"","overlay-gradient":""},"mobile":{"background-color":"","background-image":"","background-repeat":"repeat","background-position":"center center","background-size":"auto","background-attachment":"scroll","background-type":"","background-media":"","overlay-type":"","overlay-color":"","overlay-opacity":"","overlay-gradient":""}},"ast-content-background-meta":{"desktop":{"background-color":"var(--ast-global-color-5)","background-image":"","background-repeat":"repeat","background-position":"center center","background-size":"auto","background-attachment":"scroll","background-type":"","background-media":"","overlay-type":"","overlay-color":"","overlay-opacity":"","overlay-gradient":""},"tablet":{"background-color":"var(--ast-global-color-5)","background-image":"","background-repeat":"repeat","background-position":"center center","background-size":"auto","background-attachment":"scroll","background-type":"","background-media":"","overlay-type":"","overlay-color":"","overlay-opacity":"","overlay-gradient":""},"mobile":{"background-color":"var(--ast-global-color-5)","background-image":"","background-repeat":"repeat","background-position":"center center","background-size":"auto","background-attachment":"scroll","background-type":"","background-media":"","overlay-type":"","overlay-color":"","overlay-opacity":"","overlay-gradient":""}}},"product_brand":[],"product_cat":[112,132],"product_tag":[],"class_list":{"0":"post-2178","1":"product","2":"type-product","3":"status-publish","4":"has-post-thumbnail","6":"product_cat-kaulakoru-naiset","7":"product_cat-naiset","8":"desktop-align-left","9":"tablet-align-left","10":"mobile-align-left","12":"first","13":"instock","14":"shipping-taxable","15":"purchasable","16":"product-type-simple"},"yoast_head":"<!-- This site is optimized with the Yoast SEO plugin v25.7 - https:\/\/yoast.com\/wordpress\/plugins\/seo\/ -->\n<title>Kaulakoru naisille - 01991 - Fysica O\u00dc - kvaliteetsed k\u00e4sit\u00f6\u00f6r\u00f5ivad<\/title>\n<meta name=\"robots\" content=\"index, follow, max-snippet:-1, max-image-preview:large, max-video-preview:-1\" \/>\n<link rel=\"canonical\" href=\"https:\/\/fysica.ee\/fi\/toode\/kaulakoru-naisille-01991\/\" \/>\n<meta property=\"og:locale\" content=\"fi_FI\" \/>\n<meta property=\"og:type\" content=\"article\" \/>\n<meta property=\"og:title\" content=\"Kaulakoru naisille - 01991 - Fysica O\u00dc - kvaliteetsed k\u00e4sit\u00f6\u00f6r\u00f5ivad\" \/>\n<meta property=\"og:description\" content=\"Tuotetiedot: Maalattua jadeiittia, sis\u00e4lt\u00e4\u00e4 mustan samettipussin Jade eli nefriitti on pyh\u00e4 onnenkivi, joka tarjoaa psyykkist\u00e4 suojaa ja puhdistaa energioita. Sill\u00e4 [&hellip;]\" \/>\n<meta property=\"og:url\" content=\"https:\/\/fysica.ee\/fi\/toode\/kaulakoru-naisille-01991\/\" \/>\n<meta property=\"og:site_name\" content=\"Fysica O\u00dc - kvaliteetsed k\u00e4sit\u00f6\u00f6r\u00f5ivad\" \/>\n<meta property=\"og:image\" content=\"https:\/\/www.fysica.ee\/wp-content\/uploads\/2025\/08\/1000001991.jpg\" \/>\n\t<meta property=\"og:image:width\" content=\"1536\" \/>\n\t<meta property=\"og:image:height\" content=\"2048\" \/>\n\t<meta property=\"og:image:type\" content=\"image\/jpeg\" \/>\n<meta name=\"twitter:card\" content=\"summary_large_image\" \/>\n<script type=\"application\/ld+json\" class=\"yoast-schema-graph\">{\"@context\":\"https:\/\/schema.org\",\"@graph\":[{\"@type\":\"WebPage\",\"@id\":\"https:\/\/fysica.ee\/fi\/toode\/kaulakoru-naisille-01991\/\",\"url\":\"https:\/\/fysica.ee\/fi\/toode\/kaulakoru-naisille-01991\/\",\"name\":\"Kaulakoru naisille - 01991 - Fysica O\u00dc - kvaliteetsed k\u00e4sit\u00f6\u00f6r\u00f5ivad\",\"isPartOf\":{\"@id\":\"https:\/\/fysica.ee\/fi\/#website\"},\"primaryImageOfPage\":{\"@id\":\"https:\/\/fysica.ee\/fi\/toode\/kaulakoru-naisille-01991\/#primaryimage\"},\"image\":{\"@id\":\"https:\/\/fysica.ee\/fi\/toode\/kaulakoru-naisille-01991\/#primaryimage\"},\"thumbnailUrl\":\"https:\/\/fysica.ee\/wp-content\/uploads\/2025\/08\/1000001991.jpg\",\"datePublished\":\"2025-08-05T11:20:21+00:00\",\"breadcrumb\":{\"@id\":\"https:\/\/fysica.ee\/fi\/toode\/kaulakoru-naisille-01991\/#breadcrumb\"},\"inLanguage\":\"fi\",\"potentialAction\":[{\"@type\":\"ReadAction\",\"target\":[\"https:\/\/fysica.ee\/fi\/toode\/kaulakoru-naisille-01991\/\"]}]},{\"@type\":\"ImageObject\",\"inLanguage\":\"fi\",\"@id\":\"https:\/\/fysica.ee\/fi\/toode\/kaulakoru-naisille-01991\/#primaryimage\",\"url\":\"https:\/\/fysica.ee\/wp-content\/uploads\/2025\/08\/1000001991.jpg\",\"contentUrl\":\"https:\/\/fysica.ee\/wp-content\/uploads\/2025\/08\/1000001991.jpg\",\"width\":1536,\"height\":2048},{\"@type\":\"BreadcrumbList\",\"@id\":\"https:\/\/fysica.ee\/fi\/toode\/kaulakoru-naisille-01991\/#breadcrumb\",\"itemListElement\":[{\"@type\":\"ListItem\",\"position\":1,\"name\":\"Home\",\"item\":\"https:\/\/fysica.ee\/fi\/\"},{\"@type\":\"ListItem\",\"position\":2,\"name\":\"Kauppa\",\"item\":\"https:\/\/fysica.ee\/fi\/kauppa\/\"},{\"@type\":\"ListItem\",\"position\":3,\"name\":\"Kaulakoru naisille &#8211; 01991\"}]},{\"@type\":\"WebSite\",\"@id\":\"https:\/\/fysica.ee\/fi\/#website\",\"url\":\"https:\/\/fysica.ee\/fi\/\",\"name\":\"Fysica O\u00dc - kvaliteetsed k\u00e4sit\u00f6\u00f6r\u00f5ivad\",\"description\":\"Fysica O\u00dc - kvaliteetsed k\u00e4sit\u00f6\u00f6r\u00f5ivad\",\"publisher\":{\"@id\":\"https:\/\/fysica.ee\/fi\/#organization\"},\"potentialAction\":[{\"@type\":\"SearchAction\",\"target\":{\"@type\":\"EntryPoint\",\"urlTemplate\":\"https:\/\/fysica.ee\/fi\/?s={search_term_string}\"},\"query-input\":{\"@type\":\"PropertyValueSpecification\",\"valueRequired\":true,\"valueName\":\"search_term_string\"}}],\"inLanguage\":\"fi\"},{\"@type\":\"Organization\",\"@id\":\"https:\/\/fysica.ee\/fi\/#organization\",\"name\":\"Fysica O\u00dc\",\"url\":\"https:\/\/fysica.ee\/fi\/\",\"logo\":{\"@type\":\"ImageObject\",\"inLanguage\":\"fi\",\"@id\":\"https:\/\/fysica.ee\/fi\/#\/schema\/logo\/image\/\",\"url\":\"https:\/\/fysica.ee\/wp-content\/uploads\/2024\/11\/Fysica-logo.png\",\"contentUrl\":\"https:\/\/fysica.ee\/wp-content\/uploads\/2024\/11\/Fysica-logo.png\",\"width\":390,\"height\":300,\"caption\":\"Fysica O\u00dc\"},\"image\":{\"@id\":\"https:\/\/fysica.ee\/fi\/#\/schema\/logo\/image\/\"}}]}<\/script>\n<!-- \/ Yoast SEO plugin. -->","yoast_head_json":{"title":"Kaulakoru naisille - 01991 - Fysica O\u00dc - kvaliteetsed k\u00e4sit\u00f6\u00f6r\u00f5ivad","robots":{"index":"index","follow":"follow","max-snippet":"max-snippet:-1","max-image-preview":"max-image-preview:large","max-video-preview":"max-video-preview:-1"},"canonical":"https:\/\/fysica.ee\/fi\/toode\/kaulakoru-naisille-01991\/","og_locale":"fi_FI","og_type":"article","og_title":"Kaulakoru naisille - 01991 - Fysica O\u00dc - kvaliteetsed k\u00e4sit\u00f6\u00f6r\u00f5ivad","og_description":"Tuotetiedot: Maalattua jadeiittia, sis\u00e4lt\u00e4\u00e4 mustan samettipussin Jade eli nefriitti on pyh\u00e4 onnenkivi, joka tarjoaa psyykkist\u00e4 suojaa ja puhdistaa energioita. Sill\u00e4 [&hellip;]","og_url":"https:\/\/fysica.ee\/fi\/toode\/kaulakoru-naisille-01991\/","og_site_name":"Fysica O\u00dc - kvaliteetsed k\u00e4sit\u00f6\u00f6r\u00f5ivad","og_image":[{"width":1536,"height":2048,"url":"https:\/\/www.fysica.ee\/wp-content\/uploads\/2025\/08\/1000001991.jpg","type":"image\/jpeg"}],"twitter_card":"summary_large_image","schema":{"@context":"https:\/\/schema.org","@graph":[{"@type":"WebPage","@id":"https:\/\/fysica.ee\/fi\/toode\/kaulakoru-naisille-01991\/","url":"https:\/\/fysica.ee\/fi\/toode\/kaulakoru-naisille-01991\/","name":"Kaulakoru naisille - 01991 - Fysica O\u00dc - kvaliteetsed k\u00e4sit\u00f6\u00f6r\u00f5ivad","isPartOf":{"@id":"https:\/\/fysica.ee\/fi\/#website"},"primaryImageOfPage":{"@id":"https:\/\/fysica.ee\/fi\/toode\/kaulakoru-naisille-01991\/#primaryimage"},"image":{"@id":"https:\/\/fysica.ee\/fi\/toode\/kaulakoru-naisille-01991\/#primaryimage"},"thumbnailUrl":"https:\/\/fysica.ee\/wp-content\/uploads\/2025\/08\/1000001991.jpg","datePublished":"2025-08-05T11:20:21+00:00","breadcrumb":{"@id":"https:\/\/fysica.ee\/fi\/toode\/kaulakoru-naisille-01991\/#breadcrumb"},"inLanguage":"fi","potentialAction":[{"@type":"ReadAction","target":["https:\/\/fysica.ee\/fi\/toode\/kaulakoru-naisille-01991\/"]}]},{"@type":"ImageObject","inLanguage":"fi","@id":"https:\/\/fysica.ee\/fi\/toode\/kaulakoru-naisille-01991\/#primaryimage","url":"https:\/\/fysica.ee\/wp-content\/uploads\/2025\/08\/1000001991.jpg","contentUrl":"https:\/\/fysica.ee\/wp-content\/uploads\/2025\/08\/1000001991.jpg","width":1536,"height":2048},{"@type":"BreadcrumbList","@id":"https:\/\/fysica.ee\/fi\/toode\/kaulakoru-naisille-01991\/#breadcrumb","itemListElement":[{"@type":"ListItem","position":1,"name":"Home","item":"https:\/\/fysica.ee\/fi\/"},{"@type":"ListItem","position":2,"name":"Kauppa","item":"https:\/\/fysica.ee\/fi\/kauppa\/"},{"@type":"ListItem","position":3,"name":"Kaulakoru naisille &#8211; 01991"}]},{"@type":"WebSite","@id":"https:\/\/fysica.ee\/fi\/#website","url":"https:\/\/fysica.ee\/fi\/","name":"Fysica O\u00dc - kvaliteetsed k\u00e4sit\u00f6\u00f6r\u00f5ivad","description":"Fysica O\u00dc - kvaliteetsed k\u00e4sit\u00f6\u00f6r\u00f5ivad","publisher":{"@id":"https:\/\/fysica.ee\/fi\/#organization"},"potentialAction":[{"@type":"SearchAction","target":{"@type":"EntryPoint","urlTemplate":"https:\/\/fysica.ee\/fi\/?s={search_term_string}"},"query-input":{"@type":"PropertyValueSpecification","valueRequired":true,"valueName":"search_term_string"}}],"inLanguage":"fi"},{"@type":"Organization","@id":"https:\/\/fysica.ee\/fi\/#organization","name":"Fysica O\u00dc","url":"https:\/\/fysica.ee\/fi\/","logo":{"@type":"ImageObject","inLanguage":"fi","@id":"https:\/\/fysica.ee\/fi\/#\/schema\/logo\/image\/","url":"https:\/\/fysica.ee\/wp-content\/uploads\/2024\/11\/Fysica-logo.png","contentUrl":"https:\/\/fysica.ee\/wp-content\/uploads\/2024\/11\/Fysica-logo.png","width":390,"height":300,"caption":"Fysica O\u00dc"},"image":{"@id":"https:\/\/fysica.ee\/fi\/#\/schema\/logo\/image\/"}}]}},"_links":{"self":[{"href":"https:\/\/fysica.ee\/fi\/wp-json\/wp\/v2\/product\/2178","targetHints":{"allow":["GET"]}}],"collection":[{"href":"https:\/\/fysica.ee\/fi\/wp-json\/wp\/v2\/product"}],"about":[{"href":"https:\/\/fysica.ee\/fi\/wp-json\/wp\/v2\/types\/product"}],"wp:featuredmedia":[{"embeddable":true,"href":"https:\/\/fysica.ee\/fi\/wp-json\/wp\/v2\/media\/2155"}],"wp:attachment":[{"href":"https:\/\/fysica.ee\/fi\/wp-json\/wp\/v2\/media?parent=2178"}],"wp:term":[{"taxonomy":"product_brand","embeddable":true,"href":"https:\/\/fysica.ee\/fi\/wp-json\/wp\/v2\/product_brand?post=2178"},{"taxonomy":"product_cat","embeddable":true,"href":"https:\/\/fysica.ee\/fi\/wp-json\/wp\/v2\/product_cat?post=2178"},{"taxonomy":"product_tag","embeddable":true,"href":"https:\/\/fysica.ee\/fi\/wp-json\/wp\/v2\/product_tag?post=2178"}],"curies":[{"name":"wp","href":"https:\/\/api.w.org\/{rel}","templated":true}]}}