{"id":1735,"date":"2024-11-20T13:34:02","date_gmt":"2024-11-20T13:34:02","guid":{"rendered":"https:\/\/fysica.ee\/%d0%be-%d0%bd%d0%b0%d1%81\/"},"modified":"2025-08-19T09:53:12","modified_gmt":"2025-08-19T09:53:12","slug":"%d0%be-%d0%bd%d0%b0%d1%81","status":"publish","type":"page","link":"https:\/\/fysica.ee\/ru\/%d0%be-%d0%bd%d0%b0%d1%81\/","title":{"rendered":"\u041e \u043d\u0430\u0441"},"content":{"rendered":"\t\t<div data-elementor-type=\"wp-page\" data-elementor-id=\"1735\" class=\"elementor elementor-1735 elementor-35\" data-elementor-post-type=\"page\">\n\t\t\t\t<div class=\"elementor-element elementor-element-9597503 e-flex e-con-boxed e-con e-parent\" data-id=\"9597503\" data-element_type=\"container\">\n\t\t\t\t\t<div class=\"e-con-inner\">\n\t\t\t\t<div class=\"elementor-element elementor-element-4a636b9 elementor-widget elementor-widget-heading\" data-id=\"4a636b9\" data-element_type=\"widget\" data-widget_type=\"heading.default\">\n\t\t\t\t<div class=\"elementor-widget-container\">\n\t\t\t\t\t<h1 class=\"elementor-heading-title elementor-size-default\">\u041e \u043d\u0430\u0441<\/h1>\t\t\t\t<\/div>\n\t\t\t\t<\/div>\n\t\t\t\t\t<\/div>\n\t\t\t\t<\/div>\n\t\t<div class=\"elementor-element elementor-element-c81b5bc e-flex e-con-boxed e-con e-parent\" data-id=\"c81b5bc\" data-element_type=\"container\">\n\t\t\t\t\t<div class=\"e-con-inner\">\n\t\t\t\t<div class=\"elementor-element elementor-element-902503a elementor-widget elementor-widget-text-editor\" data-id=\"902503a\" data-element_type=\"widget\" data-widget_type=\"text-editor.default\">\n\t\t\t\t<div class=\"elementor-widget-container\">\n\t\t\t\t\t\t\t\t\t<p>\u041a\u043e\u043c\u043f\u0430\u043d\u0438\u044f Fysica \u0431\u044b\u043b\u0430 \u0441\u043e\u0437\u0434\u0430\u043d\u0430 \u0441 \u0438\u0434\u0435\u0435\u0439 \u043e \u0442\u043e\u043c, \u0447\u0442\u043e \u0447\u0435\u043b\u043e\u0432\u0435\u043a \u043c\u043e\u0436\u0435\u0442 \u043c\u043d\u043e\u0433\u043e\u0435 \u0443\u043b\u0443\u0447\u0448\u0438\u0442\u044c \u0438\u043b\u0438 \u0438\u0437\u043c\u0435\u043d\u0438\u0442\u044c \u043f\u043e\u0441\u0440\u0435\u0434\u0441\u0442\u0432\u043e\u043c \u043c\u044b\u0441\u043b\u0438. \u0411\u0438\u0431\u043b\u0438\u044f \u043e\u0431\u0435\u0449\u0430\u0435\u0442 \u0432\u0435\u0447\u043d\u0443\u044e \u0436\u0438\u0437\u043d\u044c, \u0438 \u044d\u0442\u043e \u0442\u0430\u043a\u0436\u0435 \u0437\u0430\u043c\u044b\u0441\u0435\u043b \u0441\u043e\u0437\u0434\u0430\u0442\u0435\u043b\u044f Fysica. \u0418\u0437\u0432\u0435\u0441\u0442\u043d\u043e, \u0447\u0442\u043e \u043a\u043b\u0435\u0442\u043a\u0438 \u0447\u0435\u043b\u043e\u0432\u0435\u043a\u0430 \u043e\u0431\u043d\u043e\u0432\u043b\u044f\u044e\u0442\u0441\u044f \u043d\u0435\u0441\u043a\u043e\u043b\u044c\u043a\u043e \u0440\u0430\u0437 \u0432 \u0442\u0435\u0447\u0435\u043d\u0438\u0435 \u0436\u0438\u0437\u043d\u0438. \u0418 \u0432\u0435\u0447\u043d\u0430\u044f \u0436\u0438\u0437\u043d\u044c \u0431\u044b\u043b\u0430 \u0431\u044b \u0432\u043e\u0437\u043c\u043e\u0436\u043d\u0430, \u0435\u0441\u043b\u0438 \u0431\u044b \u043a\u043b\u0435\u0442\u043a\u0438 \u043f\u043e\u0441\u0442\u043e\u044f\u043d\u043d\u043e \u043e\u0431\u043d\u043e\u0432\u043b\u044f\u043b\u0438\u0441\u044c. \u041f\u043e\u0441\u043a\u043e\u043b\u044c\u043a\u0443 \u043a\u043b\u0435\u0442\u043a\u0438 \u043e\u0431\u043d\u043e\u0432\u043b\u044f\u044e\u0442\u0441\u044f, \u0443 \u0447\u0435\u043b\u043e\u0432\u0435\u043a\u0430 \u0435\u0441\u0442\u044c \u0432\u0441\u0451 \u043d\u0435\u043e\u0431\u0445\u043e\u0434\u0438\u043c\u043e\u0435 \u0434\u043b\u044f \u044d\u0442\u043e\u0433\u043e. \u0422\u043e \u0435\u0441\u0442\u044c, \u043c\u0435\u0445\u0430\u043d\u0438\u0437\u043c. \u0418\u0434\u0435\u044f \u0441\u043e\u0437\u0434\u0430\u0442\u0435\u043b\u044f Fysica \u0437\u0430\u043a\u043b\u044e\u0447\u0430\u0435\u0442\u0441\u044f \u0432 \u0442\u043e\u043c, \u0447\u0442\u043e \u0447\u0435\u043b\u043e\u0432\u0435\u043a \u2014 \u043d\u0435 \u0436\u0438\u0432\u043e\u0442\u043d\u043e\u0435, \u043a\u043e\u0442\u043e\u0440\u043e\u0435 \u0434\u0443\u043c\u0430\u0435\u0442 \u0442\u043e\u043b\u044c\u043a\u043e \u043e \u0441\u0435\u043a\u0441\u0435 \u0438 \u0435\u0434\u0435. \u0415\u0441\u043b\u0438 \u0447\u0435\u043b\u043e\u0432\u0435\u043a \u0441\u0430\u043c, \u043c\u0435\u0434\u0438\u0442\u0438\u0440\u0443\u044f, \u0434\u0430\u0441\u0442 \u043c\u043e\u0437\u0433\u0443 \u043a\u043e\u043c\u0430\u043d\u0434\u0443 \u043e\u0431\u043d\u043e\u0432\u0438\u0442\u044c \u043a\u043b\u0435\u0442\u043a\u0438, \u0442\u043e \u044d\u0442\u043e \u0432\u043e\u0437\u043c\u043e\u0436\u043d\u043e. \u0412 \u0441\u0432\u044f\u0437\u0438 \u0441 \u044d\u0442\u0438\u043c \u044f \u0442\u0430\u043a\u0436\u0435 \u043f\u0440\u043e\u0448\u0443 \u0432\u0435\u0434\u0443\u0449\u0438\u0445 \u0443\u0447\u0451\u043d\u044b\u0445 \u043c\u0430\u043a\u0441\u0438\u043c\u0430\u043b\u044c\u043d\u043e \u0442\u0435\u0441\u043d\u043e \u0441\u043e\u0442\u0440\u0443\u0434\u043d\u0438\u0447\u0430\u0442\u044c \u0438 \u0438\u0437\u0443\u0447\u0438\u0442\u044c \u0432\u043e\u0437\u043c\u043e\u0436\u043d\u043e\u0441\u0442\u044c \u0432\u0432\u0435\u0434\u0435\u043d\u0438\u044f \u043a\u0430\u043a\u043e\u0433\u043e-\u043b\u0438\u0431\u043e \u0434\u043e\u043f\u043e\u043b\u043d\u0438\u0442\u0435\u043b\u044c\u043d\u043e\u0433\u043e \u0432\u0435\u0449\u0435\u0441\u0442\u0432\u0430 \u0438\u043b\u0438 \u0442\u0430\u0431\u043b\u0435\u0442\u043a\u0438 \u0434\u043b\u044f \u0441\u0442\u0438\u043c\u0443\u043b\u044f\u0446\u0438\u0438 \u043e\u0431\u043d\u043e\u0432\u043b\u0435\u043d\u0438\u044f \u043a\u043b\u0435\u0442\u043e\u043a.<\/p>\n<p>\u0421\u043e\u0437\u0434\u0430\u043d\u0438\u0435 Fysica \u043d\u0430\u0447\u0430\u043b\u043e\u0441\u044c \u0441 \u043e\u0442\u043a\u0440\u044b\u0442\u0438\u044f, \u0447\u0442\u043e \u0435\u0441\u043b\u0438 \u0447\u0435\u043b\u043e\u0432\u0435\u043a \u0432\u0441\u0442\u0430\u0451\u0442 \u0438 \u043f\u0440\u0435\u0434\u0441\u0442\u0430\u0432\u043b\u044f\u0435\u0442 \u0441\u0435\u0431\u0435 \u0437\u0430 \u0441\u043f\u0438\u043d\u043e\u0439 \u0447\u0435\u0442\u044b\u0440\u0435 \u043a\u0432\u0430\u0434\u0440\u0430\u0442\u0430 (\u043d\u0430 \u0444\u043e\u0442\u043e), \u043c\u043e\u0437\u0433 \u0440\u0430\u0441\u043f\u043e\u0437\u043d\u0430\u0451\u0442 \u0430\u0441\u0438\u043c\u043c\u0435\u0442\u0440\u0438\u0447\u043d\u0443\u044e \u043e\u0434\u0435\u0436\u0434\u0443 (\u0435\u0441\u043b\u0438 \u043d\u0430 \u043e\u0434\u043d\u043e\u0439 \u0441\u0442\u043e\u0440\u043e\u043d\u0435 \u043f\u0440\u0435\u0434\u043c\u0435\u0442\u0430 \u043e\u0434\u0435\u0436\u0434\u044b \u0435\u0441\u0442\u044c \u043a\u0430\u0440\u043c\u0430\u043d, \u0445\u043e\u0447\u0435\u0442\u0441\u044f, \u0447\u0442\u043e\u0431\u044b \u0438 \u043d\u0430 \u0434\u0440\u0443\u0433\u043e\u0439 \u0441\u0442\u043e\u0440\u043e\u043d\u0435 \u0431\u044b\u043b \u0442\u0430\u043a\u043e\u0439 \u0436\u0435). \u041f\u043e\u0437\u0436\u0435 \u0447\u0435\u043b\u043e\u0432\u0435\u043a \u043d\u0430\u0447\u0438\u043d\u0430\u0435\u0442 \u043b\u044e\u0431\u0438\u0442\u044c \u0441\u0438\u043c\u043c\u0435\u0442\u0440\u0438\u0447\u043d\u0443\u044e \u043e\u0434\u0435\u0436\u0434\u0443. \u0425\u043e\u0442\u044f \u0440\u0430\u0437\u0440\u0430\u0431\u043e\u0442\u043a\u0430 \u0432\u0435\u043b\u0430\u0441\u044c 6-7 \u043b\u0435\u0442, \u0441\u0442\u0430\u043b\u043e \u044f\u0441\u043d\u043e, \u0447\u0442\u043e \u0432\u0441\u0435\u0433\u0434\u0430 \u0441\u043b\u0435\u0434\u0443\u0435\u0442 \u043d\u043e\u0441\u0438\u0442\u044c \u0447\u0442\u043e-\u0442\u043e \u0430\u0441\u0438\u043c\u043c\u0435\u0442\u0440\u0438\u0447\u043d\u043e\u0435. \u0422\u043e\u0433\u0434\u0430 \u043b\u0443\u0447\u0448\u0435 \u0440\u0430\u0431\u043e\u0442\u0430\u044e\u0442 \u043a\u0432\u0430\u0434\u0440\u0430\u0442\u044b, \u0441\u043f\u043e\u0441\u043e\u0431\u0441\u0442\u0432\u0443\u044e\u0449\u0438\u0435 \u0441\u0438\u043c\u043c\u0435\u0442\u0440\u0438\u0438.<\/p>\n<p>\u041f\u043e\u0441\u043a\u043e\u043b\u044c\u043a\u0443 \u043d\u0430\u0433\u0440\u0443\u0437\u043a\u0430 \u043b\u043e\u0436\u0438\u0442\u0441\u044f \u0442\u043e\u043b\u044c\u043a\u043e \u043d\u0430 \u043a\u0432\u0430\u0434\u0440\u0430\u0442\u044b \u0437\u0430 \u0441\u043f\u0438\u043d\u043e\u0439, \u0441\u043f\u0435\u0440\u0435\u0434\u0438 \u0442\u0430\u043a\u0436\u0435 \u0435\u0441\u0442\u044c \u043a\u0432\u0430\u0434\u0440\u0430\u0442\u044b \u0438 \u043e\u0431\u0440\u0430\u0437 \u0438\u0434\u0435\u0430\u043b\u044c\u043d\u043e\u0439 \u0436\u0435\u043d\u0449\u0438\u043d\u044b\/\u043c\u0443\u0436\u0447\u0438\u043d\u044b. \u042d\u0442\u043e \u0435\u0441\u0442\u044c \u043d\u0430 \u043a\u0430\u0436\u0434\u043e\u0439 \u0440\u0443\u0431\u0430\u0448\u043a\u0435 (\u043a\u0430\u043a \u043d\u0430 \u0444\u043e\u0442\u043e). \u0418 \u0432\u043d\u0443\u0442\u0440\u0438.<\/p>\n\t\t\t\t\t\t\t\t<\/div>\n\t\t\t\t<\/div>\n\t\t\t\t\t<\/div>\n\t\t\t\t<\/div>\n\t\t\t\t<\/div>\n\t\t","protected":false},"excerpt":{"rendered":"<p>\u041a\u043e\u043c\u043f\u0430\u043d\u0438\u044f Fysica \u0431\u044b\u043b\u0430 \u0441\u043e\u0437\u0434\u0430\u043d\u0430 \u0441 \u0438\u0434\u0435\u0435\u0439 \u043e \u0442\u043e\u043c, \u0447\u0442\u043e \u0447\u0435\u043b\u043e\u0432\u0435\u043a \u043c\u043e\u0436\u0435\u0442 \u043c\u043d\u043e\u0433\u043e\u0435 \u0443\u043b\u0443\u0447\u0448\u0438\u0442\u044c \u0438\u043b\u0438 \u0438\u0437\u043c\u0435\u043d\u0438\u0442\u044c \u043f\u043e\u0441\u0440\u0435\u0434\u0441\u0442\u0432\u043e\u043c \u043c\u044b\u0441\u043b\u0438. \u0411\u0438\u0431\u043b\u0438\u044f \u043e\u0431\u0435\u0449\u0430\u0435\u0442 \u0432\u0435\u0447\u043d\u0443\u044e [&hellip;]<\/p>\n","protected":false},"author":1,"featured_media":0,"parent":0,"menu_order":0,"comment_status":"closed","ping_status":"closed","template":"","meta":{"site-sidebar-layout":"no-sidebar","site-content-layout":"","ast-site-content-layout":"full-width-container","site-content-style":"default","site-sidebar-style":"default","ast-global-header-display":"","ast-banner-title-visibility":"","ast-main-header-display":"","ast-hfb-above-header-display":"","ast-hfb-below-header-display":"","ast-hfb-mobile-header-display":"","site-post-title":"disabled","ast-breadcrumbs-content":"","ast-featured-img":"disabled","footer-sml-layout":"","theme-transparent-header-meta":"default","adv-header-id-meta":"","stick-header-meta":"","header-above-stick-meta":"","header-main-stick-meta":"","header-below-stick-meta":"","astra-migrate-meta-layouts":"default","ast-page-background-enabled":"default","ast-page-background-meta":{"desktop":{"background-color":"var(--ast-global-color-4)","background-image":"","background-repeat":"repeat","background-position":"center center","background-size":"auto","background-attachment":"scroll","background-type":"","background-media":"","overlay-type":"","overlay-color":"","overlay-opacity":"","overlay-gradient":""},"tablet":{"background-color":"","background-image":"","background-repeat":"repeat","background-position":"center center","background-size":"auto","background-attachment":"scroll","background-type":"","background-media":"","overlay-type":"","overlay-color":"","overlay-opacity":"","overlay-gradient":""},"mobile":{"background-color":"","background-image":"","background-repeat":"repeat","background-position":"center center","background-size":"auto","background-attachment":"scroll","background-type":"","background-media":"","overlay-type":"","overlay-color":"","overlay-opacity":"","overlay-gradient":""}},"ast-content-background-meta":{"desktop":{"background-color":"var(--ast-global-color-5)","background-image":"","background-repeat":"repeat","background-position":"center center","background-size":"auto","background-attachment":"scroll","background-type":"","background-media":"","overlay-type":"","overlay-color":"","overlay-opacity":"","overlay-gradient":""},"tablet":{"background-color":"var(--ast-global-color-5)","background-image":"","background-repeat":"repeat","background-position":"center center","background-size":"auto","background-attachment":"scroll","background-type":"","background-media":"","overlay-type":"","overlay-color":"","overlay-opacity":"","overlay-gradient":""},"mobile":{"background-color":"var(--ast-global-color-5)","background-image":"","background-repeat":"repeat","background-position":"center center","background-size":"auto","background-attachment":"scroll","background-type":"","background-media":"","overlay-type":"","overlay-color":"","overlay-opacity":"","overlay-gradient":""}},"footnotes":""},"class_list":["post-1735","page","type-page","status-publish","hentry"],"yoast_head":"<!-- This site is optimized with the Yoast SEO plugin v25.7 - https:\/\/yoast.com\/wordpress\/plugins\/seo\/ -->\n<title>\u041e \u043d\u0430\u0441 - Fysica O\u00dc - kvaliteetsed k\u00e4sit\u00f6\u00f6r\u00f5ivad<\/title>\n<meta name=\"robots\" content=\"index, follow, max-snippet:-1, max-image-preview:large, max-video-preview:-1\" \/>\n<link rel=\"canonical\" href=\"https:\/\/fysica.ee\/ru\/%d0%be-%d0%bd%d0%b0%d1%81\/\" \/>\n<meta property=\"og:locale\" content=\"ru_RU\" \/>\n<meta property=\"og:type\" content=\"article\" \/>\n<meta property=\"og:title\" content=\"\u041e \u043d\u0430\u0441 - Fysica O\u00dc - kvaliteetsed k\u00e4sit\u00f6\u00f6r\u00f5ivad\" \/>\n<meta property=\"og:description\" content=\"\u041a\u043e\u043c\u043f\u0430\u043d\u0438\u044f Fysica \u0431\u044b\u043b\u0430 \u0441\u043e\u0437\u0434\u0430\u043d\u0430 \u0441 \u0438\u0434\u0435\u0435\u0439 \u043e \u0442\u043e\u043c, \u0447\u0442\u043e \u0447\u0435\u043b\u043e\u0432\u0435\u043a \u043c\u043e\u0436\u0435\u0442 \u043c\u043d\u043e\u0433\u043e\u0435 \u0443\u043b\u0443\u0447\u0448\u0438\u0442\u044c \u0438\u043b\u0438 \u0438\u0437\u043c\u0435\u043d\u0438\u0442\u044c \u043f\u043e\u0441\u0440\u0435\u0434\u0441\u0442\u0432\u043e\u043c \u043c\u044b\u0441\u043b\u0438. \u0411\u0438\u0431\u043b\u0438\u044f \u043e\u0431\u0435\u0449\u0430\u0435\u0442 \u0432\u0435\u0447\u043d\u0443\u044e [&hellip;]\" \/>\n<meta property=\"og:url\" content=\"https:\/\/fysica.ee\/ru\/%d0%be-%d0%bd%d0%b0%d1%81\/\" \/>\n<meta property=\"og:site_name\" content=\"Fysica O\u00dc - kvaliteetsed k\u00e4sit\u00f6\u00f6r\u00f5ivad\" \/>\n<meta property=\"article:modified_time\" content=\"2025-08-19T09:53:12+00:00\" \/>\n<meta name=\"twitter:card\" content=\"summary_large_image\" \/>\n<script type=\"application\/ld+json\" class=\"yoast-schema-graph\">{\"@context\":\"https:\/\/schema.org\",\"@graph\":[{\"@type\":\"WebPage\",\"@id\":\"https:\/\/fysica.ee\/ru\/%d0%be-%d0%bd%d0%b0%d1%81\/\",\"url\":\"https:\/\/fysica.ee\/ru\/%d0%be-%d0%bd%d0%b0%d1%81\/\",\"name\":\"\u041e \u043d\u0430\u0441 - Fysica O\u00dc - kvaliteetsed k\u00e4sit\u00f6\u00f6r\u00f5ivad\",\"isPartOf\":{\"@id\":\"https:\/\/fysica.ee\/ru\/#website\"},\"datePublished\":\"2024-11-20T13:34:02+00:00\",\"dateModified\":\"2025-08-19T09:53:12+00:00\",\"breadcrumb\":{\"@id\":\"https:\/\/fysica.ee\/ru\/%d0%be-%d0%bd%d0%b0%d1%81\/#breadcrumb\"},\"inLanguage\":\"ru-RU\",\"potentialAction\":[{\"@type\":\"ReadAction\",\"target\":[\"https:\/\/fysica.ee\/ru\/%d0%be-%d0%bd%d0%b0%d1%81\/\"]}]},{\"@type\":\"BreadcrumbList\",\"@id\":\"https:\/\/fysica.ee\/ru\/%d0%be-%d0%bd%d0%b0%d1%81\/#breadcrumb\",\"itemListElement\":[{\"@type\":\"ListItem\",\"position\":1,\"name\":\"Home\",\"item\":\"https:\/\/www.fysica.ee\/ru\/\"},{\"@type\":\"ListItem\",\"position\":2,\"name\":\"\u041e \u043d\u0430\u0441\"}]},{\"@type\":\"WebSite\",\"@id\":\"https:\/\/fysica.ee\/ru\/#website\",\"url\":\"https:\/\/fysica.ee\/ru\/\",\"name\":\"Fysica O\u00dc - kvaliteetsed k\u00e4sit\u00f6\u00f6r\u00f5ivad\",\"description\":\"Fysica O\u00dc - kvaliteetsed k\u00e4sit\u00f6\u00f6r\u00f5ivad\",\"publisher\":{\"@id\":\"https:\/\/fysica.ee\/ru\/#organization\"},\"potentialAction\":[{\"@type\":\"SearchAction\",\"target\":{\"@type\":\"EntryPoint\",\"urlTemplate\":\"https:\/\/fysica.ee\/ru\/?s={search_term_string}\"},\"query-input\":{\"@type\":\"PropertyValueSpecification\",\"valueRequired\":true,\"valueName\":\"search_term_string\"}}],\"inLanguage\":\"ru-RU\"},{\"@type\":\"Organization\",\"@id\":\"https:\/\/fysica.ee\/ru\/#organization\",\"name\":\"Fysica O\u00dc\",\"url\":\"https:\/\/fysica.ee\/ru\/\",\"logo\":{\"@type\":\"ImageObject\",\"inLanguage\":\"ru-RU\",\"@id\":\"https:\/\/fysica.ee\/ru\/#\/schema\/logo\/image\/\",\"url\":\"https:\/\/fysica.ee\/wp-content\/uploads\/2024\/11\/Fysica-logo.png\",\"contentUrl\":\"https:\/\/fysica.ee\/wp-content\/uploads\/2024\/11\/Fysica-logo.png\",\"width\":390,\"height\":300,\"caption\":\"Fysica O\u00dc\"},\"image\":{\"@id\":\"https:\/\/fysica.ee\/ru\/#\/schema\/logo\/image\/\"}}]}<\/script>\n<!-- \/ Yoast SEO plugin. -->","yoast_head_json":{"title":"\u041e \u043d\u0430\u0441 - Fysica O\u00dc - kvaliteetsed k\u00e4sit\u00f6\u00f6r\u00f5ivad","robots":{"index":"index","follow":"follow","max-snippet":"max-snippet:-1","max-image-preview":"max-image-preview:large","max-video-preview":"max-video-preview:-1"},"canonical":"https:\/\/fysica.ee\/ru\/%d0%be-%d0%bd%d0%b0%d1%81\/","og_locale":"ru_RU","og_type":"article","og_title":"\u041e \u043d\u0430\u0441 - Fysica O\u00dc - kvaliteetsed k\u00e4sit\u00f6\u00f6r\u00f5ivad","og_description":"\u041a\u043e\u043c\u043f\u0430\u043d\u0438\u044f Fysica \u0431\u044b\u043b\u0430 \u0441\u043e\u0437\u0434\u0430\u043d\u0430 \u0441 \u0438\u0434\u0435\u0435\u0439 \u043e \u0442\u043e\u043c, \u0447\u0442\u043e \u0447\u0435\u043b\u043e\u0432\u0435\u043a \u043c\u043e\u0436\u0435\u0442 \u043c\u043d\u043e\u0433\u043e\u0435 \u0443\u043b\u0443\u0447\u0448\u0438\u0442\u044c \u0438\u043b\u0438 \u0438\u0437\u043c\u0435\u043d\u0438\u0442\u044c \u043f\u043e\u0441\u0440\u0435\u0434\u0441\u0442\u0432\u043e\u043c \u043c\u044b\u0441\u043b\u0438. \u0411\u0438\u0431\u043b\u0438\u044f \u043e\u0431\u0435\u0449\u0430\u0435\u0442 \u0432\u0435\u0447\u043d\u0443\u044e [&hellip;]","og_url":"https:\/\/fysica.ee\/ru\/%d0%be-%d0%bd%d0%b0%d1%81\/","og_site_name":"Fysica O\u00dc - kvaliteetsed k\u00e4sit\u00f6\u00f6r\u00f5ivad","article_modified_time":"2025-08-19T09:53:12+00:00","twitter_card":"summary_large_image","schema":{"@context":"https:\/\/schema.org","@graph":[{"@type":"WebPage","@id":"https:\/\/fysica.ee\/ru\/%d0%be-%d0%bd%d0%b0%d1%81\/","url":"https:\/\/fysica.ee\/ru\/%d0%be-%d0%bd%d0%b0%d1%81\/","name":"\u041e \u043d\u0430\u0441 - Fysica O\u00dc - kvaliteetsed k\u00e4sit\u00f6\u00f6r\u00f5ivad","isPartOf":{"@id":"https:\/\/fysica.ee\/ru\/#website"},"datePublished":"2024-11-20T13:34:02+00:00","dateModified":"2025-08-19T09:53:12+00:00","breadcrumb":{"@id":"https:\/\/fysica.ee\/ru\/%d0%be-%d0%bd%d0%b0%d1%81\/#breadcrumb"},"inLanguage":"ru-RU","potentialAction":[{"@type":"ReadAction","target":["https:\/\/fysica.ee\/ru\/%d0%be-%d0%bd%d0%b0%d1%81\/"]}]},{"@type":"BreadcrumbList","@id":"https:\/\/fysica.ee\/ru\/%d0%be-%d0%bd%d0%b0%d1%81\/#breadcrumb","itemListElement":[{"@type":"ListItem","position":1,"name":"Home","item":"https:\/\/www.fysica.ee\/ru\/"},{"@type":"ListItem","position":2,"name":"\u041e \u043d\u0430\u0441"}]},{"@type":"WebSite","@id":"https:\/\/fysica.ee\/ru\/#website","url":"https:\/\/fysica.ee\/ru\/","name":"Fysica O\u00dc - kvaliteetsed k\u00e4sit\u00f6\u00f6r\u00f5ivad","description":"Fysica O\u00dc - kvaliteetsed k\u00e4sit\u00f6\u00f6r\u00f5ivad","publisher":{"@id":"https:\/\/fysica.ee\/ru\/#organization"},"potentialAction":[{"@type":"SearchAction","target":{"@type":"EntryPoint","urlTemplate":"https:\/\/fysica.ee\/ru\/?s={search_term_string}"},"query-input":{"@type":"PropertyValueSpecification","valueRequired":true,"valueName":"search_term_string"}}],"inLanguage":"ru-RU"},{"@type":"Organization","@id":"https:\/\/fysica.ee\/ru\/#organization","name":"Fysica O\u00dc","url":"https:\/\/fysica.ee\/ru\/","logo":{"@type":"ImageObject","inLanguage":"ru-RU","@id":"https:\/\/fysica.ee\/ru\/#\/schema\/logo\/image\/","url":"https:\/\/fysica.ee\/wp-content\/uploads\/2024\/11\/Fysica-logo.png","contentUrl":"https:\/\/fysica.ee\/wp-content\/uploads\/2024\/11\/Fysica-logo.png","width":390,"height":300,"caption":"Fysica O\u00dc"},"image":{"@id":"https:\/\/fysica.ee\/ru\/#\/schema\/logo\/image\/"}}]}},"_links":{"self":[{"href":"https:\/\/fysica.ee\/ru\/wp-json\/wp\/v2\/pages\/1735","targetHints":{"allow":["GET"]}}],"collection":[{"href":"https:\/\/fysica.ee\/ru\/wp-json\/wp\/v2\/pages"}],"about":[{"href":"https:\/\/fysica.ee\/ru\/wp-json\/wp\/v2\/types\/page"}],"author":[{"embeddable":true,"href":"https:\/\/fysica.ee\/ru\/wp-json\/wp\/v2\/users\/1"}],"replies":[{"embeddable":true,"href":"https:\/\/fysica.ee\/ru\/wp-json\/wp\/v2\/comments?post=1735"}],"version-history":[{"count":1,"href":"https:\/\/fysica.ee\/ru\/wp-json\/wp\/v2\/pages\/1735\/revisions"}],"predecessor-version":[{"id":1736,"href":"https:\/\/fysica.ee\/ru\/wp-json\/wp\/v2\/pages\/1735\/revisions\/1736"}],"wp:attachment":[{"href":"https:\/\/fysica.ee\/ru\/wp-json\/wp\/v2\/media?parent=1735"}],"curies":[{"name":"wp","href":"https:\/\/api.w.org\/{rel}","templated":true}]}}