{"id":2191,"date":"2025-08-05T11:18:09","date_gmt":"2025-08-05T11:18:09","guid":{"rendered":"https:\/\/fysica.ee\/toode\/%e5%a5%b3%e5%a3%ab%e6%89%8b%e9%93%be-01989\/"},"modified":"2025-08-05T11:18:09","modified_gmt":"2025-08-05T11:18:09","slug":"%e5%a5%b3%e5%a3%ab%e6%89%8b%e9%93%be-01989","status":"publish","type":"product","link":"https:\/\/fysica.ee\/zh-hans\/toode\/%e5%a5%b3%e5%a3%ab%e6%89%8b%e9%93%be-01989\/","title":{"rendered":"\u5973\u58eb\u624b\u94fe &#8211; 01989"},"content":{"rendered":"<p>\u4ea7\u54c1\u4fe1\u606f\uff1a\u542b\u9ed1\u8272\u5929\u9e45\u7ed2\u888b\u3002\u6750\u8d28 &#8211; \u73ab\u7470\u77f3\u82f1\u3002<\/p>\n<p>\u73ab\u7470\u77f3\u82f1\u5c5e\u4e8e\u77f3\u82f1\u5bb6\u65cf\uff0c\u662f\u4e00\u79cd\u6c34\u6676\u3002\u7531\u4e8e\u5176\u72ec\u7279\u7684\u6676\u683c\u7ed3\u6784\uff0c\u77f3\u82f1\u662f\u5730\u7403\u4e0a\u6700\u5f3a\u5927\u7684\u7597\u6108\u3001\u80fd\u91cf\u589e\u5f3a\u548c\u8c03\u8282\u77ff\u7269\u3002\u73ab\u7470\u77f3\u82f1\u7684\u6210\u5206\u662f\u4e8c\u6c27\u5316\u7845\u3002\u5b83\u7684\u7c89\u7ea2\u8272\u6e90\u4e8e\u9530\u548c\u84dd\u7ebf\u77f3\u7684\u542b\u91cf\u3002\u989c\u8272\u4e3a\u900f\u660e\u7684\u6d45\u7c89\u8272\u6216\u4eae\u7c89\u8272\u3002<\/p>\n<p>\u81ea\u53e4\u4ee5\u6765\uff0c\u73ab\u7470\u77f3\u82f1\u4e00\u76f4\u662f\u604b\u4eba\u7684\u8c61\u5f81\uff0c\u4e5f\u662f\u65b0\u5a5a\u592b\u5987\u7684\u62a4\u8eab\u7b26\u3002<\/p>\n","protected":false},"excerpt":{"rendered":"<p>\u4ea7\u54c1\u4fe1\u606f\uff1a\u542b\u9ed1\u8272\u5929\u9e45\u7ed2\u888b\u3002\u6750\u8d28 &#038;#82 [&hellip;]<\/p>\n","protected":false},"featured_media":1789,"template":"","meta":{"site-sidebar-layout":"default","site-content-layout":"","ast-site-content-layout":"default","site-content-style":"default","site-sidebar-style":"default","ast-global-header-display":"","ast-banner-title-visibility":"","ast-main-header-display":"","ast-hfb-above-header-display":"","ast-hfb-below-header-display":"","ast-hfb-mobile-header-display":"","site-post-title":"","ast-breadcrumbs-content":"","ast-featured-img":"","footer-sml-layout":"","theme-transparent-header-meta":"default","adv-header-id-meta":"","stick-header-meta":"","header-above-stick-meta":"","header-main-stick-meta":"","header-below-stick-meta":"","astra-migrate-meta-layouts":"default","ast-page-background-enabled":"default","ast-page-background-meta":{"desktop":{"background-color":"var(--ast-global-color-4)","background-image":"","background-repeat":"repeat","background-position":"center center","background-size":"auto","background-attachment":"scroll","background-type":"","background-media":"","overlay-type":"","overlay-color":"","overlay-opacity":"","overlay-gradient":""},"tablet":{"background-color":"","background-image":"","background-repeat":"repeat","background-position":"center center","background-size":"auto","background-attachment":"scroll","background-type":"","background-media":"","overlay-type":"","overlay-color":"","overlay-opacity":"","overlay-gradient":""},"mobile":{"background-color":"","background-image":"","background-repeat":"repeat","background-position":"center center","background-size":"auto","background-attachment":"scroll","background-type":"","background-media":"","overlay-type":"","overlay-color":"","overlay-opacity":"","overlay-gradient":""}},"ast-content-background-meta":{"desktop":{"background-color":"var(--ast-global-color-5)","background-image":"","background-repeat":"repeat","background-position":"center center","background-size":"auto","background-attachment":"scroll","background-type":"","background-media":"","overlay-type":"","overlay-color":"","overlay-opacity":"","overlay-gradient":""},"tablet":{"background-color":"var(--ast-global-color-5)","background-image":"","background-repeat":"repeat","background-position":"center center","background-size":"auto","background-attachment":"scroll","background-type":"","background-media":"","overlay-type":"","overlay-color":"","overlay-opacity":"","overlay-gradient":""},"mobile":{"background-color":"var(--ast-global-color-5)","background-image":"","background-repeat":"repeat","background-position":"center center","background-size":"auto","background-attachment":"scroll","background-type":"","background-media":"","overlay-type":"","overlay-color":"","overlay-opacity":"","overlay-gradient":""}}},"product_brand":[],"product_cat":[133,120],"product_tag":[],"class_list":{"0":"post-2191","1":"product","2":"type-product","3":"status-publish","4":"has-post-thumbnail","6":"product_cat-133","7":"product_cat-120","8":"desktop-align-left","9":"tablet-align-left","10":"mobile-align-left","12":"first","13":"instock","14":"shipping-taxable","15":"purchasable","16":"product-type-simple"},"yoast_head":"<!-- This site is optimized with the Yoast SEO plugin v25.7 - https:\/\/yoast.com\/wordpress\/plugins\/seo\/ -->\n<title>\u5973\u58eb\u624b\u94fe - 01989 - Fysica O\u00dc - kvaliteetsed k\u00e4sit\u00f6\u00f6r\u00f5ivad<\/title>\n<meta name=\"robots\" content=\"index, follow, max-snippet:-1, max-image-preview:large, max-video-preview:-1\" \/>\n<link rel=\"canonical\" href=\"https:\/\/fysica.ee\/zh-hans\/toode\/%e5%a5%b3%e5%a3%ab%e6%89%8b%e9%93%be-01989\/\" \/>\n<meta property=\"og:locale\" content=\"zh_CN\" \/>\n<meta property=\"og:type\" content=\"article\" \/>\n<meta property=\"og:title\" content=\"\u5973\u58eb\u624b\u94fe - 01989 - Fysica O\u00dc - kvaliteetsed k\u00e4sit\u00f6\u00f6r\u00f5ivad\" \/>\n<meta property=\"og:description\" content=\"\u4ea7\u54c1\u4fe1\u606f\uff1a\u542b\u9ed1\u8272\u5929\u9e45\u7ed2\u888b\u3002\u6750\u8d28 &amp;#82 [&hellip;]\" \/>\n<meta property=\"og:url\" content=\"https:\/\/fysica.ee\/zh-hans\/toode\/%e5%a5%b3%e5%a3%ab%e6%89%8b%e9%93%be-01989\/\" \/>\n<meta property=\"og:site_name\" content=\"Fysica O\u00dc - kvaliteetsed k\u00e4sit\u00f6\u00f6r\u00f5ivad\" \/>\n<meta property=\"og:image\" content=\"https:\/\/fysica.ee\/wp-content\/uploads\/2025\/08\/1000001989.jpg\" \/>\n\t<meta property=\"og:image:width\" content=\"2048\" \/>\n\t<meta property=\"og:image:height\" content=\"1536\" \/>\n\t<meta property=\"og:image:type\" content=\"image\/jpeg\" \/>\n<meta name=\"twitter:card\" content=\"summary_large_image\" \/>\n<script type=\"application\/ld+json\" class=\"yoast-schema-graph\">{\"@context\":\"https:\/\/schema.org\",\"@graph\":[{\"@type\":\"WebPage\",\"@id\":\"https:\/\/fysica.ee\/zh-hans\/toode\/%e5%a5%b3%e5%a3%ab%e6%89%8b%e9%93%be-01989\/\",\"url\":\"https:\/\/fysica.ee\/zh-hans\/toode\/%e5%a5%b3%e5%a3%ab%e6%89%8b%e9%93%be-01989\/\",\"name\":\"\u5973\u58eb\u624b\u94fe - 01989 - Fysica O\u00dc - kvaliteetsed k\u00e4sit\u00f6\u00f6r\u00f5ivad\",\"isPartOf\":{\"@id\":\"https:\/\/fysica.ee\/zh-hans\/#website\"},\"primaryImageOfPage\":{\"@id\":\"https:\/\/fysica.ee\/zh-hans\/toode\/%e5%a5%b3%e5%a3%ab%e6%89%8b%e9%93%be-01989\/#primaryimage\"},\"image\":{\"@id\":\"https:\/\/fysica.ee\/zh-hans\/toode\/%e5%a5%b3%e5%a3%ab%e6%89%8b%e9%93%be-01989\/#primaryimage\"},\"thumbnailUrl\":\"https:\/\/fysica.ee\/wp-content\/uploads\/2025\/08\/1000001989.jpg\",\"datePublished\":\"2025-08-05T11:18:09+00:00\",\"breadcrumb\":{\"@id\":\"https:\/\/fysica.ee\/zh-hans\/toode\/%e5%a5%b3%e5%a3%ab%e6%89%8b%e9%93%be-01989\/#breadcrumb\"},\"inLanguage\":\"zh-Hans\",\"potentialAction\":[{\"@type\":\"ReadAction\",\"target\":[\"https:\/\/fysica.ee\/zh-hans\/toode\/%e5%a5%b3%e5%a3%ab%e6%89%8b%e9%93%be-01989\/\"]}]},{\"@type\":\"ImageObject\",\"inLanguage\":\"zh-Hans\",\"@id\":\"https:\/\/fysica.ee\/zh-hans\/toode\/%e5%a5%b3%e5%a3%ab%e6%89%8b%e9%93%be-01989\/#primaryimage\",\"url\":\"https:\/\/fysica.ee\/wp-content\/uploads\/2025\/08\/1000001989.jpg\",\"contentUrl\":\"https:\/\/fysica.ee\/wp-content\/uploads\/2025\/08\/1000001989.jpg\",\"width\":2048,\"height\":1536},{\"@type\":\"BreadcrumbList\",\"@id\":\"https:\/\/fysica.ee\/zh-hans\/toode\/%e5%a5%b3%e5%a3%ab%e6%89%8b%e9%93%be-01989\/#breadcrumb\",\"itemListElement\":[{\"@type\":\"ListItem\",\"position\":1,\"name\":\"Home\",\"item\":\"https:\/\/www.fysica.ee\/zh-hans\/\"},{\"@type\":\"ListItem\",\"position\":2,\"name\":\"\u5e97\u94fa\",\"item\":\"https:\/\/www.fysica.ee\/zh-hans\/%e5%ba%97%e9%93%ba\/\"},{\"@type\":\"ListItem\",\"position\":3,\"name\":\"\u5973\u58eb\u624b\u94fe &#8211; 01989\"}]},{\"@type\":\"WebSite\",\"@id\":\"https:\/\/fysica.ee\/zh-hans\/#website\",\"url\":\"https:\/\/fysica.ee\/zh-hans\/\",\"name\":\"Fysica O\u00dc - kvaliteetsed k\u00e4sit\u00f6\u00f6r\u00f5ivad\",\"description\":\"Fysica O\u00dc - kvaliteetsed k\u00e4sit\u00f6\u00f6r\u00f5ivad\",\"publisher\":{\"@id\":\"https:\/\/fysica.ee\/zh-hans\/#organization\"},\"potentialAction\":[{\"@type\":\"SearchAction\",\"target\":{\"@type\":\"EntryPoint\",\"urlTemplate\":\"https:\/\/fysica.ee\/zh-hans\/?s={search_term_string}\"},\"query-input\":{\"@type\":\"PropertyValueSpecification\",\"valueRequired\":true,\"valueName\":\"search_term_string\"}}],\"inLanguage\":\"zh-Hans\"},{\"@type\":\"Organization\",\"@id\":\"https:\/\/fysica.ee\/zh-hans\/#organization\",\"name\":\"Fysica O\u00dc\",\"url\":\"https:\/\/fysica.ee\/zh-hans\/\",\"logo\":{\"@type\":\"ImageObject\",\"inLanguage\":\"zh-Hans\",\"@id\":\"https:\/\/fysica.ee\/zh-hans\/#\/schema\/logo\/image\/\",\"url\":\"https:\/\/fysica.ee\/wp-content\/uploads\/2024\/11\/Fysica-logo.png\",\"contentUrl\":\"https:\/\/fysica.ee\/wp-content\/uploads\/2024\/11\/Fysica-logo.png\",\"width\":390,\"height\":300,\"caption\":\"Fysica O\u00dc\"},\"image\":{\"@id\":\"https:\/\/fysica.ee\/zh-hans\/#\/schema\/logo\/image\/\"}}]}<\/script>\n<!-- \/ Yoast SEO plugin. -->","yoast_head_json":{"title":"\u5973\u58eb\u624b\u94fe - 01989 - Fysica O\u00dc - kvaliteetsed k\u00e4sit\u00f6\u00f6r\u00f5ivad","robots":{"index":"index","follow":"follow","max-snippet":"max-snippet:-1","max-image-preview":"max-image-preview:large","max-video-preview":"max-video-preview:-1"},"canonical":"https:\/\/fysica.ee\/zh-hans\/toode\/%e5%a5%b3%e5%a3%ab%e6%89%8b%e9%93%be-01989\/","og_locale":"zh_CN","og_type":"article","og_title":"\u5973\u58eb\u624b\u94fe - 01989 - Fysica O\u00dc - kvaliteetsed k\u00e4sit\u00f6\u00f6r\u00f5ivad","og_description":"\u4ea7\u54c1\u4fe1\u606f\uff1a\u542b\u9ed1\u8272\u5929\u9e45\u7ed2\u888b\u3002\u6750\u8d28 &#82 [&hellip;]","og_url":"https:\/\/fysica.ee\/zh-hans\/toode\/%e5%a5%b3%e5%a3%ab%e6%89%8b%e9%93%be-01989\/","og_site_name":"Fysica O\u00dc - kvaliteetsed k\u00e4sit\u00f6\u00f6r\u00f5ivad","og_image":[{"width":2048,"height":1536,"url":"https:\/\/fysica.ee\/wp-content\/uploads\/2025\/08\/1000001989.jpg","type":"image\/jpeg"}],"twitter_card":"summary_large_image","schema":{"@context":"https:\/\/schema.org","@graph":[{"@type":"WebPage","@id":"https:\/\/fysica.ee\/zh-hans\/toode\/%e5%a5%b3%e5%a3%ab%e6%89%8b%e9%93%be-01989\/","url":"https:\/\/fysica.ee\/zh-hans\/toode\/%e5%a5%b3%e5%a3%ab%e6%89%8b%e9%93%be-01989\/","name":"\u5973\u58eb\u624b\u94fe - 01989 - Fysica O\u00dc - kvaliteetsed k\u00e4sit\u00f6\u00f6r\u00f5ivad","isPartOf":{"@id":"https:\/\/fysica.ee\/zh-hans\/#website"},"primaryImageOfPage":{"@id":"https:\/\/fysica.ee\/zh-hans\/toode\/%e5%a5%b3%e5%a3%ab%e6%89%8b%e9%93%be-01989\/#primaryimage"},"image":{"@id":"https:\/\/fysica.ee\/zh-hans\/toode\/%e5%a5%b3%e5%a3%ab%e6%89%8b%e9%93%be-01989\/#primaryimage"},"thumbnailUrl":"https:\/\/fysica.ee\/wp-content\/uploads\/2025\/08\/1000001989.jpg","datePublished":"2025-08-05T11:18:09+00:00","breadcrumb":{"@id":"https:\/\/fysica.ee\/zh-hans\/toode\/%e5%a5%b3%e5%a3%ab%e6%89%8b%e9%93%be-01989\/#breadcrumb"},"inLanguage":"zh-Hans","potentialAction":[{"@type":"ReadAction","target":["https:\/\/fysica.ee\/zh-hans\/toode\/%e5%a5%b3%e5%a3%ab%e6%89%8b%e9%93%be-01989\/"]}]},{"@type":"ImageObject","inLanguage":"zh-Hans","@id":"https:\/\/fysica.ee\/zh-hans\/toode\/%e5%a5%b3%e5%a3%ab%e6%89%8b%e9%93%be-01989\/#primaryimage","url":"https:\/\/fysica.ee\/wp-content\/uploads\/2025\/08\/1000001989.jpg","contentUrl":"https:\/\/fysica.ee\/wp-content\/uploads\/2025\/08\/1000001989.jpg","width":2048,"height":1536},{"@type":"BreadcrumbList","@id":"https:\/\/fysica.ee\/zh-hans\/toode\/%e5%a5%b3%e5%a3%ab%e6%89%8b%e9%93%be-01989\/#breadcrumb","itemListElement":[{"@type":"ListItem","position":1,"name":"Home","item":"https:\/\/www.fysica.ee\/zh-hans\/"},{"@type":"ListItem","position":2,"name":"\u5e97\u94fa","item":"https:\/\/www.fysica.ee\/zh-hans\/%e5%ba%97%e9%93%ba\/"},{"@type":"ListItem","position":3,"name":"\u5973\u58eb\u624b\u94fe &#8211; 01989"}]},{"@type":"WebSite","@id":"https:\/\/fysica.ee\/zh-hans\/#website","url":"https:\/\/fysica.ee\/zh-hans\/","name":"Fysica O\u00dc - kvaliteetsed k\u00e4sit\u00f6\u00f6r\u00f5ivad","description":"Fysica O\u00dc - kvaliteetsed k\u00e4sit\u00f6\u00f6r\u00f5ivad","publisher":{"@id":"https:\/\/fysica.ee\/zh-hans\/#organization"},"potentialAction":[{"@type":"SearchAction","target":{"@type":"EntryPoint","urlTemplate":"https:\/\/fysica.ee\/zh-hans\/?s={search_term_string}"},"query-input":{"@type":"PropertyValueSpecification","valueRequired":true,"valueName":"search_term_string"}}],"inLanguage":"zh-Hans"},{"@type":"Organization","@id":"https:\/\/fysica.ee\/zh-hans\/#organization","name":"Fysica O\u00dc","url":"https:\/\/fysica.ee\/zh-hans\/","logo":{"@type":"ImageObject","inLanguage":"zh-Hans","@id":"https:\/\/fysica.ee\/zh-hans\/#\/schema\/logo\/image\/","url":"https:\/\/fysica.ee\/wp-content\/uploads\/2024\/11\/Fysica-logo.png","contentUrl":"https:\/\/fysica.ee\/wp-content\/uploads\/2024\/11\/Fysica-logo.png","width":390,"height":300,"caption":"Fysica O\u00dc"},"image":{"@id":"https:\/\/fysica.ee\/zh-hans\/#\/schema\/logo\/image\/"}}]}},"_links":{"self":[{"href":"https:\/\/fysica.ee\/zh-hans\/wp-json\/wp\/v2\/product\/2191","targetHints":{"allow":["GET"]}}],"collection":[{"href":"https:\/\/fysica.ee\/zh-hans\/wp-json\/wp\/v2\/product"}],"about":[{"href":"https:\/\/fysica.ee\/zh-hans\/wp-json\/wp\/v2\/types\/product"}],"wp:featuredmedia":[{"embeddable":true,"href":"https:\/\/fysica.ee\/zh-hans\/wp-json\/wp\/v2\/media\/1789"}],"wp:attachment":[{"href":"https:\/\/fysica.ee\/zh-hans\/wp-json\/wp\/v2\/media?parent=2191"}],"wp:term":[{"taxonomy":"product_brand","embeddable":true,"href":"https:\/\/fysica.ee\/zh-hans\/wp-json\/wp\/v2\/product_brand?post=2191"},{"taxonomy":"product_cat","embeddable":true,"href":"https:\/\/fysica.ee\/zh-hans\/wp-json\/wp\/v2\/product_cat?post=2191"},{"taxonomy":"product_tag","embeddable":true,"href":"https:\/\/fysica.ee\/zh-hans\/wp-json\/wp\/v2\/product_tag?post=2191"}],"curies":[{"name":"wp","href":"https:\/\/api.w.org\/{rel}","templated":true}]}}