{"id":2236,"date":"2025-08-05T11:04:36","date_gmt":"2025-08-05T11:04:36","guid":{"rendered":"https:\/\/fysica.ee\/toode\/%e7%94%b7%e5%a3%ab%e9%a1%b9%e9%93%be-01945\/"},"modified":"2025-08-05T11:04:36","modified_gmt":"2025-08-05T11:04:36","slug":"%e7%94%b7%e5%a3%ab%e9%a1%b9%e9%93%be-01945","status":"publish","type":"product","link":"https:\/\/fysica.ee\/zh-hans\/toode\/%e7%94%b7%e5%a3%ab%e9%a1%b9%e9%93%be-01945\/","title":{"rendered":"\u7537\u58eb\u9879\u94fe &#8211; 01945"},"content":{"rendered":"<p>\u4ea7\u54c1\u4fe1\u606f\uff1a\u5305\u542b\u4e00\u4e2a\u9ed1\u8272\u5929\u9e45\u7ed2\u5305\u3002\u6750\u8d28\uff1a\u7194\u5ca9\u77f3\u3002\u7194\u5ca9\u77f3\u7531\u70bd\u70ed\u7684\u7194\u5ca9\u5f62\u6210\uff0c\u8574\u542b\u7740\u706b\u7684\u51c0\u5316\u80fd\u91cf\u3002\u5b83\u662f\u4e00\u79cd\u975e\u5e38\u6709\u6548\u7684\u80fd\u91cf\u51c0\u5316\u5668\u3001\u8f6c\u5316\u5668\uff0c\u5e76\u80fd\u5e26\u6765\u6e05\u6670\u7684\u80fd\u91cf\u3002\u5b83\u80fd\u4e0e\u5927\u5730\u5efa\u7acb\u7262\u56fa\u7684\u8054\u7cfb\uff0c\u5e76\u5728\u4f60\u611f\u5230\u865a\u5f31\u65f6\u7ed9\u4e88\u4f60\u529b\u91cf\u3002\u5b83\u8fd8\u80fd\u8212\u7f13\u60c5\u7eea\uff0c\u7f13\u89e3\u7d27\u5f20\uff0c\u5e76\u5e2e\u52a9\u4f60\u8fbe\u6210\u76ee\u6807\u3002<\/p>\n","protected":false},"excerpt":{"rendered":"<p>\u4ea7\u54c1\u4fe1\u606f\uff1a\u5305\u542b\u4e00\u4e2a\u9ed1\u8272\u5929\u9e45\u7ed2\u5305\u3002\u6750\u8d28\uff1a\u7194 [&hellip;]<\/p>\n","protected":false},"featured_media":2124,"template":"","meta":{"site-sidebar-layout":"default","site-content-layout":"","ast-site-content-layout":"default","site-content-style":"default","site-sidebar-style":"default","ast-global-header-display":"","ast-banner-title-visibility":"","ast-main-header-display":"","ast-hfb-above-header-display":"","ast-hfb-below-header-display":"","ast-hfb-mobile-header-display":"","site-post-title":"","ast-breadcrumbs-content":"","ast-featured-img":"","footer-sml-layout":"","theme-transparent-header-meta":"default","adv-header-id-meta":"","stick-header-meta":"","header-above-stick-meta":"","header-main-stick-meta":"","header-below-stick-meta":"","astra-migrate-meta-layouts":"default","ast-page-background-enabled":"default","ast-page-background-meta":{"desktop":{"background-color":"var(--ast-global-color-4)","background-image":"","background-repeat":"repeat","background-position":"center center","background-size":"auto","background-attachment":"scroll","background-type":"","background-media":"","overlay-type":"","overlay-color":"","overlay-opacity":"","overlay-gradient":""},"tablet":{"background-color":"","background-image":"","background-repeat":"repeat","background-position":"center center","background-size":"auto","background-attachment":"scroll","background-type":"","background-media":"","overlay-type":"","overlay-color":"","overlay-opacity":"","overlay-gradient":""},"mobile":{"background-color":"","background-image":"","background-repeat":"repeat","background-position":"center center","background-size":"auto","background-attachment":"scroll","background-type":"","background-media":"","overlay-type":"","overlay-color":"","overlay-opacity":"","overlay-gradient":""}},"ast-content-background-meta":{"desktop":{"background-color":"var(--ast-global-color-5)","background-image":"","background-repeat":"repeat","background-position":"center center","background-size":"auto","background-attachment":"scroll","background-type":"","background-media":"","overlay-type":"","overlay-color":"","overlay-opacity":"","overlay-gradient":""},"tablet":{"background-color":"var(--ast-global-color-5)","background-image":"","background-repeat":"repeat","background-position":"center center","background-size":"auto","background-attachment":"scroll","background-type":"","background-media":"","overlay-type":"","overlay-color":"","overlay-opacity":"","overlay-gradient":""},"mobile":{"background-color":"var(--ast-global-color-5)","background-image":"","background-repeat":"repeat","background-position":"center center","background-size":"auto","background-attachment":"scroll","background-type":"","background-media":"","overlay-type":"","overlay-color":"","overlay-opacity":"","overlay-gradient":""}}},"product_brand":[],"product_cat":[128,107],"product_tag":[],"class_list":{"0":"post-2236","1":"product","2":"type-product","3":"status-publish","4":"has-post-thumbnail","6":"product_cat-128","7":"product_cat-107","8":"desktop-align-left","9":"tablet-align-left","10":"mobile-align-left","12":"first","13":"instock","14":"shipping-taxable","15":"purchasable","16":"product-type-simple"},"yoast_head":"<!-- This site is optimized with the Yoast SEO plugin v25.7 - https:\/\/yoast.com\/wordpress\/plugins\/seo\/ -->\n<title>\u7537\u58eb\u9879\u94fe - 01945 - Fysica O\u00dc - kvaliteetsed k\u00e4sit\u00f6\u00f6r\u00f5ivad<\/title>\n<meta name=\"robots\" content=\"index, follow, max-snippet:-1, max-image-preview:large, max-video-preview:-1\" \/>\n<link rel=\"canonical\" href=\"https:\/\/fysica.ee\/zh-hans\/toode\/%e7%94%b7%e5%a3%ab%e9%a1%b9%e9%93%be-01945\/\" \/>\n<meta property=\"og:locale\" content=\"zh_CN\" \/>\n<meta property=\"og:type\" content=\"article\" \/>\n<meta property=\"og:title\" content=\"\u7537\u58eb\u9879\u94fe - 01945 - Fysica O\u00dc - kvaliteetsed k\u00e4sit\u00f6\u00f6r\u00f5ivad\" \/>\n<meta property=\"og:description\" content=\"\u4ea7\u54c1\u4fe1\u606f\uff1a\u5305\u542b\u4e00\u4e2a\u9ed1\u8272\u5929\u9e45\u7ed2\u5305\u3002\u6750\u8d28\uff1a\u7194 [&hellip;]\" \/>\n<meta property=\"og:url\" content=\"https:\/\/fysica.ee\/zh-hans\/toode\/%e7%94%b7%e5%a3%ab%e9%a1%b9%e9%93%be-01945\/\" \/>\n<meta property=\"og:site_name\" content=\"Fysica O\u00dc - kvaliteetsed k\u00e4sit\u00f6\u00f6r\u00f5ivad\" \/>\n<meta property=\"og:image\" content=\"https:\/\/fysica.ee\/wp-content\/uploads\/2025\/08\/1000001945.jpg\" \/>\n\t<meta property=\"og:image:width\" content=\"1536\" \/>\n\t<meta property=\"og:image:height\" content=\"2048\" \/>\n\t<meta property=\"og:image:type\" content=\"image\/jpeg\" \/>\n<meta name=\"twitter:card\" content=\"summary_large_image\" \/>\n<script type=\"application\/ld+json\" class=\"yoast-schema-graph\">{\"@context\":\"https:\/\/schema.org\",\"@graph\":[{\"@type\":\"WebPage\",\"@id\":\"https:\/\/fysica.ee\/zh-hans\/toode\/%e7%94%b7%e5%a3%ab%e9%a1%b9%e9%93%be-01945\/\",\"url\":\"https:\/\/fysica.ee\/zh-hans\/toode\/%e7%94%b7%e5%a3%ab%e9%a1%b9%e9%93%be-01945\/\",\"name\":\"\u7537\u58eb\u9879\u94fe - 01945 - Fysica O\u00dc - kvaliteetsed k\u00e4sit\u00f6\u00f6r\u00f5ivad\",\"isPartOf\":{\"@id\":\"https:\/\/fysica.ee\/zh-hans\/#website\"},\"primaryImageOfPage\":{\"@id\":\"https:\/\/fysica.ee\/zh-hans\/toode\/%e7%94%b7%e5%a3%ab%e9%a1%b9%e9%93%be-01945\/#primaryimage\"},\"image\":{\"@id\":\"https:\/\/fysica.ee\/zh-hans\/toode\/%e7%94%b7%e5%a3%ab%e9%a1%b9%e9%93%be-01945\/#primaryimage\"},\"thumbnailUrl\":\"https:\/\/fysica.ee\/wp-content\/uploads\/2025\/08\/1000001945.jpg\",\"datePublished\":\"2025-08-05T11:04:36+00:00\",\"breadcrumb\":{\"@id\":\"https:\/\/fysica.ee\/zh-hans\/toode\/%e7%94%b7%e5%a3%ab%e9%a1%b9%e9%93%be-01945\/#breadcrumb\"},\"inLanguage\":\"zh-Hans\",\"potentialAction\":[{\"@type\":\"ReadAction\",\"target\":[\"https:\/\/fysica.ee\/zh-hans\/toode\/%e7%94%b7%e5%a3%ab%e9%a1%b9%e9%93%be-01945\/\"]}]},{\"@type\":\"ImageObject\",\"inLanguage\":\"zh-Hans\",\"@id\":\"https:\/\/fysica.ee\/zh-hans\/toode\/%e7%94%b7%e5%a3%ab%e9%a1%b9%e9%93%be-01945\/#primaryimage\",\"url\":\"https:\/\/fysica.ee\/wp-content\/uploads\/2025\/08\/1000001945.jpg\",\"contentUrl\":\"https:\/\/fysica.ee\/wp-content\/uploads\/2025\/08\/1000001945.jpg\",\"width\":1536,\"height\":2048},{\"@type\":\"BreadcrumbList\",\"@id\":\"https:\/\/fysica.ee\/zh-hans\/toode\/%e7%94%b7%e5%a3%ab%e9%a1%b9%e9%93%be-01945\/#breadcrumb\",\"itemListElement\":[{\"@type\":\"ListItem\",\"position\":1,\"name\":\"Home\",\"item\":\"https:\/\/www.fysica.ee\/zh-hans\/\"},{\"@type\":\"ListItem\",\"position\":2,\"name\":\"\u5e97\u94fa\",\"item\":\"https:\/\/www.fysica.ee\/zh-hans\/%e5%ba%97%e9%93%ba\/\"},{\"@type\":\"ListItem\",\"position\":3,\"name\":\"\u7537\u58eb\u9879\u94fe &#8211; 01945\"}]},{\"@type\":\"WebSite\",\"@id\":\"https:\/\/fysica.ee\/zh-hans\/#website\",\"url\":\"https:\/\/fysica.ee\/zh-hans\/\",\"name\":\"Fysica O\u00dc - kvaliteetsed k\u00e4sit\u00f6\u00f6r\u00f5ivad\",\"description\":\"Fysica O\u00dc - kvaliteetsed k\u00e4sit\u00f6\u00f6r\u00f5ivad\",\"publisher\":{\"@id\":\"https:\/\/fysica.ee\/zh-hans\/#organization\"},\"potentialAction\":[{\"@type\":\"SearchAction\",\"target\":{\"@type\":\"EntryPoint\",\"urlTemplate\":\"https:\/\/fysica.ee\/zh-hans\/?s={search_term_string}\"},\"query-input\":{\"@type\":\"PropertyValueSpecification\",\"valueRequired\":true,\"valueName\":\"search_term_string\"}}],\"inLanguage\":\"zh-Hans\"},{\"@type\":\"Organization\",\"@id\":\"https:\/\/fysica.ee\/zh-hans\/#organization\",\"name\":\"Fysica O\u00dc\",\"url\":\"https:\/\/fysica.ee\/zh-hans\/\",\"logo\":{\"@type\":\"ImageObject\",\"inLanguage\":\"zh-Hans\",\"@id\":\"https:\/\/fysica.ee\/zh-hans\/#\/schema\/logo\/image\/\",\"url\":\"https:\/\/fysica.ee\/wp-content\/uploads\/2024\/11\/Fysica-logo.png\",\"contentUrl\":\"https:\/\/fysica.ee\/wp-content\/uploads\/2024\/11\/Fysica-logo.png\",\"width\":390,\"height\":300,\"caption\":\"Fysica O\u00dc\"},\"image\":{\"@id\":\"https:\/\/fysica.ee\/zh-hans\/#\/schema\/logo\/image\/\"}}]}<\/script>\n<!-- \/ Yoast SEO plugin. -->","yoast_head_json":{"title":"\u7537\u58eb\u9879\u94fe - 01945 - Fysica O\u00dc - kvaliteetsed k\u00e4sit\u00f6\u00f6r\u00f5ivad","robots":{"index":"index","follow":"follow","max-snippet":"max-snippet:-1","max-image-preview":"max-image-preview:large","max-video-preview":"max-video-preview:-1"},"canonical":"https:\/\/fysica.ee\/zh-hans\/toode\/%e7%94%b7%e5%a3%ab%e9%a1%b9%e9%93%be-01945\/","og_locale":"zh_CN","og_type":"article","og_title":"\u7537\u58eb\u9879\u94fe - 01945 - Fysica O\u00dc - kvaliteetsed k\u00e4sit\u00f6\u00f6r\u00f5ivad","og_description":"\u4ea7\u54c1\u4fe1\u606f\uff1a\u5305\u542b\u4e00\u4e2a\u9ed1\u8272\u5929\u9e45\u7ed2\u5305\u3002\u6750\u8d28\uff1a\u7194 [&hellip;]","og_url":"https:\/\/fysica.ee\/zh-hans\/toode\/%e7%94%b7%e5%a3%ab%e9%a1%b9%e9%93%be-01945\/","og_site_name":"Fysica O\u00dc - kvaliteetsed k\u00e4sit\u00f6\u00f6r\u00f5ivad","og_image":[{"width":1536,"height":2048,"url":"https:\/\/fysica.ee\/wp-content\/uploads\/2025\/08\/1000001945.jpg","type":"image\/jpeg"}],"twitter_card":"summary_large_image","schema":{"@context":"https:\/\/schema.org","@graph":[{"@type":"WebPage","@id":"https:\/\/fysica.ee\/zh-hans\/toode\/%e7%94%b7%e5%a3%ab%e9%a1%b9%e9%93%be-01945\/","url":"https:\/\/fysica.ee\/zh-hans\/toode\/%e7%94%b7%e5%a3%ab%e9%a1%b9%e9%93%be-01945\/","name":"\u7537\u58eb\u9879\u94fe - 01945 - Fysica O\u00dc - kvaliteetsed k\u00e4sit\u00f6\u00f6r\u00f5ivad","isPartOf":{"@id":"https:\/\/fysica.ee\/zh-hans\/#website"},"primaryImageOfPage":{"@id":"https:\/\/fysica.ee\/zh-hans\/toode\/%e7%94%b7%e5%a3%ab%e9%a1%b9%e9%93%be-01945\/#primaryimage"},"image":{"@id":"https:\/\/fysica.ee\/zh-hans\/toode\/%e7%94%b7%e5%a3%ab%e9%a1%b9%e9%93%be-01945\/#primaryimage"},"thumbnailUrl":"https:\/\/fysica.ee\/wp-content\/uploads\/2025\/08\/1000001945.jpg","datePublished":"2025-08-05T11:04:36+00:00","breadcrumb":{"@id":"https:\/\/fysica.ee\/zh-hans\/toode\/%e7%94%b7%e5%a3%ab%e9%a1%b9%e9%93%be-01945\/#breadcrumb"},"inLanguage":"zh-Hans","potentialAction":[{"@type":"ReadAction","target":["https:\/\/fysica.ee\/zh-hans\/toode\/%e7%94%b7%e5%a3%ab%e9%a1%b9%e9%93%be-01945\/"]}]},{"@type":"ImageObject","inLanguage":"zh-Hans","@id":"https:\/\/fysica.ee\/zh-hans\/toode\/%e7%94%b7%e5%a3%ab%e9%a1%b9%e9%93%be-01945\/#primaryimage","url":"https:\/\/fysica.ee\/wp-content\/uploads\/2025\/08\/1000001945.jpg","contentUrl":"https:\/\/fysica.ee\/wp-content\/uploads\/2025\/08\/1000001945.jpg","width":1536,"height":2048},{"@type":"BreadcrumbList","@id":"https:\/\/fysica.ee\/zh-hans\/toode\/%e7%94%b7%e5%a3%ab%e9%a1%b9%e9%93%be-01945\/#breadcrumb","itemListElement":[{"@type":"ListItem","position":1,"name":"Home","item":"https:\/\/www.fysica.ee\/zh-hans\/"},{"@type":"ListItem","position":2,"name":"\u5e97\u94fa","item":"https:\/\/www.fysica.ee\/zh-hans\/%e5%ba%97%e9%93%ba\/"},{"@type":"ListItem","position":3,"name":"\u7537\u58eb\u9879\u94fe &#8211; 01945"}]},{"@type":"WebSite","@id":"https:\/\/fysica.ee\/zh-hans\/#website","url":"https:\/\/fysica.ee\/zh-hans\/","name":"Fysica O\u00dc - kvaliteetsed k\u00e4sit\u00f6\u00f6r\u00f5ivad","description":"Fysica O\u00dc - kvaliteetsed k\u00e4sit\u00f6\u00f6r\u00f5ivad","publisher":{"@id":"https:\/\/fysica.ee\/zh-hans\/#organization"},"potentialAction":[{"@type":"SearchAction","target":{"@type":"EntryPoint","urlTemplate":"https:\/\/fysica.ee\/zh-hans\/?s={search_term_string}"},"query-input":{"@type":"PropertyValueSpecification","valueRequired":true,"valueName":"search_term_string"}}],"inLanguage":"zh-Hans"},{"@type":"Organization","@id":"https:\/\/fysica.ee\/zh-hans\/#organization","name":"Fysica O\u00dc","url":"https:\/\/fysica.ee\/zh-hans\/","logo":{"@type":"ImageObject","inLanguage":"zh-Hans","@id":"https:\/\/fysica.ee\/zh-hans\/#\/schema\/logo\/image\/","url":"https:\/\/fysica.ee\/wp-content\/uploads\/2024\/11\/Fysica-logo.png","contentUrl":"https:\/\/fysica.ee\/wp-content\/uploads\/2024\/11\/Fysica-logo.png","width":390,"height":300,"caption":"Fysica O\u00dc"},"image":{"@id":"https:\/\/fysica.ee\/zh-hans\/#\/schema\/logo\/image\/"}}]}},"_links":{"self":[{"href":"https:\/\/fysica.ee\/zh-hans\/wp-json\/wp\/v2\/product\/2236","targetHints":{"allow":["GET"]}}],"collection":[{"href":"https:\/\/fysica.ee\/zh-hans\/wp-json\/wp\/v2\/product"}],"about":[{"href":"https:\/\/fysica.ee\/zh-hans\/wp-json\/wp\/v2\/types\/product"}],"wp:featuredmedia":[{"embeddable":true,"href":"https:\/\/fysica.ee\/zh-hans\/wp-json\/wp\/v2\/media\/2124"}],"wp:attachment":[{"href":"https:\/\/fysica.ee\/zh-hans\/wp-json\/wp\/v2\/media?parent=2236"}],"wp:term":[{"taxonomy":"product_brand","embeddable":true,"href":"https:\/\/fysica.ee\/zh-hans\/wp-json\/wp\/v2\/product_brand?post=2236"},{"taxonomy":"product_cat","embeddable":true,"href":"https:\/\/fysica.ee\/zh-hans\/wp-json\/wp\/v2\/product_cat?post=2236"},{"taxonomy":"product_tag","embeddable":true,"href":"https:\/\/fysica.ee\/zh-hans\/wp-json\/wp\/v2\/product_tag?post=2236"}],"curies":[{"name":"wp","href":"https:\/\/api.w.org\/{rel}","templated":true}]}}